{"id":2527,"date":"2024-01-25T16:03:39","date_gmt":"2024-01-25T15:03:39","guid":{"rendered":"https:\/\/grospiron.docker-dev.limpide.fr\/telecharger-le-guide-pays\/"},"modified":"2024-11-22T11:13:14","modified_gmt":"2024-11-22T10:13:14","slug":"download-the-country-guide","status":"publish","type":"page","link":"https:\/\/www.grospiron.com\/en\/download-the-country-guide\/","title":{"rendered":"Download the country guide"},"content":{"rendered":"<div class=\"header-contact block block-spacing light has-secondary-bg-color\" >\n    <div class=\"container\">\n                    \n<ul class=\"breadcrumb anim-element translate-y\">\n    <li class=\"breadcrumb-item\"><a href=\"https:\/\/www.grospiron.com\/en\/\" title=\"Home\">Home<\/a><\/li>\n                                                            <li class=\"breadcrumb-item\"><a href=\"https:\/\/www.grospiron.com\/en\/contact-form\/\" title=\"Contact\">Contact<\/a><\/li>\n                                            <li class=\"breadcrumb-item current\">Download the country guide<\/li>\n<\/ul>                <div class=\"inner-content-container\">\n            <div class=\"wrapper-content\">\n                                    <h1 class=\"h1 title anim-element translate-y\">Download the country guide<\/h1>\n                                                    <div class=\"text anim-element translate-y\">Complete the form below to receive your country guide.<\/div>\n                            <\/div>\n                            <div class=\"wrapper-formulaire\">\n                    <div class=\"formulaire-inner formulaire anim-element translate-y\">\n                        <div id=\"hubspot-form-69e4a98094121\" class=\"hubspot-multistep-form js-hubspot-multistep-form\" data-portal-id=\"143371454\" data-forms=\"9ec0e594-5af0-4fee-8cdd-b94ae3b45630\" data-redirection=\"https:\/\/www.grospiron.com\/en\/thank-you-download-the-country-guide\/\"><\/div>                    <\/div>\n                <\/div>\n                        <div class=\"pattern first only-desktop\"><svg xmlns=\"http:\/\/www.w3.org\/2000\/svg\" width=\"604\" height=\"604\" viewBox=\"0 0 604 604\" fill=\"none\">\n  <path d=\"M585.631 352.815L546.707 313.88C542.337 309.509 538.062 305.342 534.593 302.05C538.103 298.757 542.432 294.55 546.707 290.287L585.617 251.353C594.658 242.309 602.921 233.593 603.986 231.995V228.498C602.921 226.899 594.658 218.183 585.617 209.14L394.905 18.3743C385.864 9.33061 377.123 1.05191 375.484 0H372.11C370.472 1.06557 361.744 9.33061 352.69 18.3743L313.78 57.2951C309.751 61.3252 305.653 65.8471 302.403 69.7815C299.07 66.2706 294.741 61.8307 290.207 57.2951L251.283 18.3743C242.242 9.33061 233.501 1.05191 231.862 0H228.489C226.85 1.06557 218.109 9.33061 209.068 18.3743L18.3829 209.153C9.34169 218.197 -0.0409723 229.686 0.655557 231.544C1.36574 233.402 9.34169 242.323 18.3829 251.366L57.2929 290.301C61.5677 294.577 65.8971 298.771 69.3934 302.05C65.9381 305.328 61.6497 309.509 57.2793 313.88L18.3692 352.801C9.32803 361.845 1.06528 370.561 0 372.159V375.656C1.06528 377.255 9.32803 385.97 18.3692 395.014L209.082 585.793C218.123 594.837 227.574 603.676 228.503 603.853C229.431 604.031 230.947 604.031 231.876 603.853C232.805 603.676 242.242 594.85 251.297 585.793L290.22 546.872C294.632 542.46 298.852 538.129 302.157 534.659C305.326 538.184 309.423 542.514 313.793 546.872L352.717 585.807C361.758 594.85 371.209 603.689 372.138 603.867C373.066 604.044 374.582 604.044 375.511 603.867C376.44 603.689 385.877 594.864 394.918 585.807L585.631 395.041C594.672 385.998 602.948 377.282 604 375.683V372.186C602.935 370.588 594.672 361.872 585.631 352.828V352.815ZM99.5081 313.88C95.1377 309.509 90.8629 305.342 87.3939 302.05C90.8902 298.771 95.2333 294.563 99.5081 290.287L290.22 99.5083C294.632 95.0957 298.852 90.7651 302.157 87.2952C305.326 90.8198 309.423 95.1367 313.793 99.5083L504.506 290.287C508.767 294.55 513.11 298.757 516.62 302.05C513.164 305.328 508.876 309.509 504.506 313.88L313.793 504.659C309.764 508.689 305.667 513.211 302.417 517.145C299.084 513.634 294.755 509.195 290.22 504.659L99.5081 313.88Z\" \/>\n<\/svg><\/div> \n            <div class=\"pattern last only-desktop\"><svg xmlns=\"http:\/\/www.w3.org\/2000\/svg\" width=\"604\" height=\"604\" viewBox=\"0 0 604 604\" fill=\"none\">\n  <path d=\"M585.631 352.815L546.707 313.88C542.337 309.509 538.062 305.342 534.593 302.05C538.103 298.757 542.432 294.55 546.707 290.287L585.617 251.353C594.658 242.309 602.921 233.593 603.986 231.995V228.498C602.921 226.899 594.658 218.183 585.617 209.14L394.905 18.3743C385.864 9.33061 377.123 1.05191 375.484 0H372.11C370.472 1.06557 361.744 9.33061 352.69 18.3743L313.78 57.2951C309.751 61.3252 305.653 65.8471 302.403 69.7815C299.07 66.2706 294.741 61.8307 290.207 57.2951L251.283 18.3743C242.242 9.33061 233.501 1.05191 231.862 0H228.489C226.85 1.06557 218.109 9.33061 209.068 18.3743L18.3829 209.153C9.34169 218.197 -0.0409723 229.686 0.655557 231.544C1.36574 233.402 9.34169 242.323 18.3829 251.366L57.2929 290.301C61.5677 294.577 65.8971 298.771 69.3934 302.05C65.9381 305.328 61.6497 309.509 57.2793 313.88L18.3692 352.801C9.32803 361.845 1.06528 370.561 0 372.159V375.656C1.06528 377.255 9.32803 385.97 18.3692 395.014L209.082 585.793C218.123 594.837 227.574 603.676 228.503 603.853C229.431 604.031 230.947 604.031 231.876 603.853C232.805 603.676 242.242 594.85 251.297 585.793L290.22 546.872C294.632 542.46 298.852 538.129 302.157 534.659C305.326 538.184 309.423 542.514 313.793 546.872L352.717 585.807C361.758 594.85 371.209 603.689 372.138 603.867C373.066 604.044 374.582 604.044 375.511 603.867C376.44 603.689 385.877 594.864 394.918 585.807L585.631 395.041C594.672 385.998 602.948 377.282 604 375.683V372.186C602.935 370.588 594.672 361.872 585.631 352.828V352.815ZM99.5081 313.88C95.1377 309.509 90.8629 305.342 87.3939 302.05C90.8902 298.771 95.2333 294.563 99.5081 290.287L290.22 99.5083C294.632 95.0957 298.852 90.7651 302.157 87.2952C305.326 90.8198 309.423 95.1367 313.793 99.5083L504.506 290.287C508.767 294.55 513.11 298.757 516.62 302.05C513.164 305.328 508.876 309.509 504.506 313.88L313.793 504.659C309.764 508.689 305.667 513.211 302.417 517.145C299.084 513.634 294.755 509.195 290.22 504.659L99.5081 313.88Z\" \/>\n<\/svg><\/div> \n        <\/div>\n    <\/div>\n<\/div>\n\n\n<div class=\"block-push-pleine-largeur\" >\n    <div class=\"container\">\n        <div class=\"inner-content-container\">\n                            <div class=\"title h2 anim-element translate-y \">Let&#8217;s prepare together<br \/>\r\nyour mobility project<\/div>\n                                        \n<div class=\"wrapper-buttons horizontal anim-element translate-y\">\n                        <a\n            href=\"https:\/\/www.grospiron.com\/en\/relocation-quote\/\"\n            title=\"Request a quote\"\n            target=\"\"\n            class=\"btn btn-filled btn-black btn-white-hover\"\n        >\n            <span class=\"btn-text\">Request a quote<\/span>\n        <\/a>\n        <\/div>\n\n                        <div class=\"pattern first\"><svg xmlns=\"http:\/\/www.w3.org\/2000\/svg\" width=\"604\" height=\"604\" viewBox=\"0 0 604 604\" fill=\"none\">\n  <path d=\"M585.631 352.815L546.707 313.88C542.337 309.509 538.062 305.342 534.593 302.05C538.103 298.757 542.432 294.55 546.707 290.287L585.617 251.353C594.658 242.309 602.921 233.593 603.986 231.995V228.498C602.921 226.899 594.658 218.183 585.617 209.14L394.905 18.3743C385.864 9.33061 377.123 1.05191 375.484 0H372.11C370.472 1.06557 361.744 9.33061 352.69 18.3743L313.78 57.2951C309.751 61.3252 305.653 65.8471 302.403 69.7815C299.07 66.2706 294.741 61.8307 290.207 57.2951L251.283 18.3743C242.242 9.33061 233.501 1.05191 231.862 0H228.489C226.85 1.06557 218.109 9.33061 209.068 18.3743L18.3829 209.153C9.34169 218.197 -0.0409723 229.686 0.655557 231.544C1.36574 233.402 9.34169 242.323 18.3829 251.366L57.2929 290.301C61.5677 294.577 65.8971 298.771 69.3934 302.05C65.9381 305.328 61.6497 309.509 57.2793 313.88L18.3692 352.801C9.32803 361.845 1.06528 370.561 0 372.159V375.656C1.06528 377.255 9.32803 385.97 18.3692 395.014L209.082 585.793C218.123 594.837 227.574 603.676 228.503 603.853C229.431 604.031 230.947 604.031 231.876 603.853C232.805 603.676 242.242 594.85 251.297 585.793L290.22 546.872C294.632 542.46 298.852 538.129 302.157 534.659C305.326 538.184 309.423 542.514 313.793 546.872L352.717 585.807C361.758 594.85 371.209 603.689 372.138 603.867C373.066 604.044 374.582 604.044 375.511 603.867C376.44 603.689 385.877 594.864 394.918 585.807L585.631 395.041C594.672 385.998 602.948 377.282 604 375.683V372.186C602.935 370.588 594.672 361.872 585.631 352.828V352.815ZM99.5081 313.88C95.1377 309.509 90.8629 305.342 87.3939 302.05C90.8902 298.771 95.2333 294.563 99.5081 290.287L290.22 99.5083C294.632 95.0957 298.852 90.7651 302.157 87.2952C305.326 90.8198 309.423 95.1367 313.793 99.5083L504.506 290.287C508.767 294.55 513.11 298.757 516.62 302.05C513.164 305.328 508.876 309.509 504.506 313.88L313.793 504.659C309.764 508.689 305.667 513.211 302.417 517.145C299.084 513.634 294.755 509.195 290.22 504.659L99.5081 313.88Z\" \/>\n<\/svg><\/div> \n            <div class=\"pattern last\"><svg xmlns=\"http:\/\/www.w3.org\/2000\/svg\" width=\"604\" height=\"604\" viewBox=\"0 0 604 604\" fill=\"none\">\n  <path d=\"M585.631 352.815L546.707 313.88C542.337 309.509 538.062 305.342 534.593 302.05C538.103 298.757 542.432 294.55 546.707 290.287L585.617 251.353C594.658 242.309 602.921 233.593 603.986 231.995V228.498C602.921 226.899 594.658 218.183 585.617 209.14L394.905 18.3743C385.864 9.33061 377.123 1.05191 375.484 0H372.11C370.472 1.06557 361.744 9.33061 352.69 18.3743L313.78 57.2951C309.751 61.3252 305.653 65.8471 302.403 69.7815C299.07 66.2706 294.741 61.8307 290.207 57.2951L251.283 18.3743C242.242 9.33061 233.501 1.05191 231.862 0H228.489C226.85 1.06557 218.109 9.33061 209.068 18.3743L18.3829 209.153C9.34169 218.197 -0.0409723 229.686 0.655557 231.544C1.36574 233.402 9.34169 242.323 18.3829 251.366L57.2929 290.301C61.5677 294.577 65.8971 298.771 69.3934 302.05C65.9381 305.328 61.6497 309.509 57.2793 313.88L18.3692 352.801C9.32803 361.845 1.06528 370.561 0 372.159V375.656C1.06528 377.255 9.32803 385.97 18.3692 395.014L209.082 585.793C218.123 594.837 227.574 603.676 228.503 603.853C229.431 604.031 230.947 604.031 231.876 603.853C232.805 603.676 242.242 594.85 251.297 585.793L290.22 546.872C294.632 542.46 298.852 538.129 302.157 534.659C305.326 538.184 309.423 542.514 313.793 546.872L352.717 585.807C361.758 594.85 371.209 603.689 372.138 603.867C373.066 604.044 374.582 604.044 375.511 603.867C376.44 603.689 385.877 594.864 394.918 585.807L585.631 395.041C594.672 385.998 602.948 377.282 604 375.683V372.186C602.935 370.588 594.672 361.872 585.631 352.828V352.815ZM99.5081 313.88C95.1377 309.509 90.8629 305.342 87.3939 302.05C90.8902 298.771 95.2333 294.563 99.5081 290.287L290.22 99.5083C294.632 95.0957 298.852 90.7651 302.157 87.2952C305.326 90.8198 309.423 95.1367 313.793 99.5083L504.506 290.287C508.767 294.55 513.11 298.757 516.62 302.05C513.164 305.328 508.876 309.509 504.506 313.88L313.793 504.659C309.764 508.689 305.667 513.211 302.417 517.145C299.084 513.634 294.755 509.195 290.22 504.659L99.5081 313.88Z\" \/>\n<\/svg><\/div> \n        <\/div>\n    <\/div>\n<\/div>\n","protected":false},"excerpt":{"rendered":"","protected":false},"author":1,"featured_media":7744,"parent":0,"menu_order":0,"comment_status":"closed","ping_status":"closed","template":"","meta":{"_acf_changed":false,"footnotes":""},"class_list":["post-2527","page","type-page","status-publish","has-post-thumbnail","hentry"],"acf":[],"yoast_head":"<!-- This site is optimized with the Yoast SEO plugin v26.9 - https:\/\/yoast.com\/product\/yoast-seo-wordpress\/ -->\n<title>Download the country guide - Grospiron - Relocation company<\/title>\n<meta name=\"description\" content=\"Are you planning an international move or expatriation? Our country guide will help you with your relocation. Download it today!\" \/>\n<meta name=\"robots\" content=\"index, follow, max-snippet:-1, max-image-preview:large, max-video-preview:-1\" \/>\n<link rel=\"canonical\" href=\"https:\/\/www.grospiron.com\/en\/download-the-country-guide\/\" \/>\n<meta property=\"og:locale\" content=\"en_US\" \/>\n<meta property=\"og:type\" content=\"article\" \/>\n<meta property=\"og:title\" content=\"Download the country guide - Grospiron - Relocation company\" \/>\n<meta property=\"og:description\" content=\"Are you planning an international move or expatriation? Our country guide will help you with your relocation. Download it today!\" \/>\n<meta property=\"og:url\" content=\"https:\/\/www.grospiron.com\/en\/download-the-country-guide\/\" \/>\n<meta property=\"og:site_name\" content=\"Grospiron\" \/>\n<meta property=\"article:modified_time\" content=\"2024-11-22T10:13:14+00:00\" \/>\n<meta property=\"og:image\" content=\"https:\/\/www.grospiron.com\/wp-content\/uploads\/2024\/01\/push-guide-pays.png\" \/>\n\t<meta property=\"og:image:width\" content=\"360\" \/>\n\t<meta property=\"og:image:height\" content=\"336\" \/>\n\t<meta property=\"og:image:type\" content=\"image\/png\" \/>\n<meta name=\"twitter:card\" content=\"summary_large_image\" \/>\n<meta name=\"twitter:label1\" content=\"Est. reading time\" \/>\n\t<meta name=\"twitter:data1\" content=\"1 minute\" \/>\n<script type=\"application\/ld+json\" class=\"yoast-schema-graph\">{\"@context\":\"https:\/\/schema.org\",\"@graph\":[{\"@type\":\"WebPage\",\"@id\":\"https:\/\/www.grospiron.com\/en\/download-the-country-guide\/\",\"url\":\"https:\/\/www.grospiron.com\/en\/download-the-country-guide\/\",\"name\":\"Download the country guide - Grospiron - Relocation company\",\"isPartOf\":{\"@id\":\"https:\/\/www.grospiron.com\/en\/#website\"},\"primaryImageOfPage\":{\"@id\":\"https:\/\/www.grospiron.com\/en\/download-the-country-guide\/#primaryimage\"},\"image\":{\"@id\":\"https:\/\/www.grospiron.com\/en\/download-the-country-guide\/#primaryimage\"},\"thumbnailUrl\":\"https:\/\/www.grospiron.com\/wp-content\/uploads\/2025\/06\/guide-pays-demenagement-international.jpg\",\"datePublished\":\"2024-01-25T15:03:39+00:00\",\"dateModified\":\"2024-11-22T10:13:14+00:00\",\"description\":\"Are you planning an international move or expatriation? Our country guide will help you with your relocation. Download it today!\",\"breadcrumb\":{\"@id\":\"https:\/\/www.grospiron.com\/en\/download-the-country-guide\/#breadcrumb\"},\"inLanguage\":\"en-US\",\"potentialAction\":[{\"@type\":\"ReadAction\",\"target\":[\"https:\/\/www.grospiron.com\/en\/download-the-country-guide\/\"]}]},{\"@type\":\"ImageObject\",\"inLanguage\":\"en-US\",\"@id\":\"https:\/\/www.grospiron.com\/en\/download-the-country-guide\/#primaryimage\",\"url\":\"https:\/\/www.grospiron.com\/wp-content\/uploads\/2025\/06\/guide-pays-demenagement-international.jpg\",\"contentUrl\":\"https:\/\/www.grospiron.com\/wp-content\/uploads\/2025\/06\/guide-pays-demenagement-international.jpg\",\"width\":360,\"height\":336,\"caption\":\"Globe terrestre \u00e9voquant les d\u00e9m\u00e9nagements \u00e0 l\u2019international.\"},{\"@type\":\"BreadcrumbList\",\"@id\":\"https:\/\/www.grospiron.com\/en\/download-the-country-guide\/#breadcrumb\",\"itemListElement\":[{\"@type\":\"ListItem\",\"position\":1,\"name\":\"Home\",\"item\":\"https:\/\/www.grospiron.com\/en\/\"},{\"@type\":\"ListItem\",\"position\":2,\"name\":\"Download the country guide\"}]},{\"@type\":\"WebSite\",\"@id\":\"https:\/\/www.grospiron.com\/en\/#website\",\"url\":\"https:\/\/www.grospiron.com\/en\/\",\"name\":\"Grospiron\",\"description\":\"\",\"publisher\":{\"@id\":\"https:\/\/www.grospiron.com\/en\/#organization\"},\"potentialAction\":[{\"@type\":\"SearchAction\",\"target\":{\"@type\":\"EntryPoint\",\"urlTemplate\":\"https:\/\/www.grospiron.com\/en\/?s={search_term_string}\"},\"query-input\":{\"@type\":\"PropertyValueSpecification\",\"valueRequired\":true,\"valueName\":\"search_term_string\"}}],\"inLanguage\":\"en-US\"},{\"@type\":\"Organization\",\"@id\":\"https:\/\/www.grospiron.com\/en\/#organization\",\"name\":\"Grospiron\",\"url\":\"https:\/\/www.grospiron.com\/en\/\",\"logo\":{\"@type\":\"ImageObject\",\"inLanguage\":\"en-US\",\"@id\":\"https:\/\/www.grospiron.com\/en\/#\/schema\/logo\/image\/\",\"url\":\"https:\/\/www.grospiron.com\/wp-content\/uploads\/2024\/10\/logo-grospiron-black.png\",\"contentUrl\":\"https:\/\/www.grospiron.com\/wp-content\/uploads\/2024\/10\/logo-grospiron-black.png\",\"width\":2229,\"height\":517,\"caption\":\"Grospiron\"},\"image\":{\"@id\":\"https:\/\/www.grospiron.com\/en\/#\/schema\/logo\/image\/\"}}]}<\/script>\n<!-- \/ Yoast SEO plugin. -->","yoast_head_json":{"title":"Download the country guide - Grospiron - Relocation company","description":"Are you planning an international move or expatriation? Our country guide will help you with your relocation. Download it today!","robots":{"index":"index","follow":"follow","max-snippet":"max-snippet:-1","max-image-preview":"max-image-preview:large","max-video-preview":"max-video-preview:-1"},"canonical":"https:\/\/www.grospiron.com\/en\/download-the-country-guide\/","og_locale":"en_US","og_type":"article","og_title":"Download the country guide - Grospiron - Relocation company","og_description":"Are you planning an international move or expatriation? Our country guide will help you with your relocation. Download it today!","og_url":"https:\/\/www.grospiron.com\/en\/download-the-country-guide\/","og_site_name":"Grospiron","article_modified_time":"2024-11-22T10:13:14+00:00","og_image":[{"width":360,"height":336,"url":"https:\/\/www.grospiron.com\/wp-content\/uploads\/2024\/01\/push-guide-pays.png","type":"image\/png"}],"twitter_card":"summary_large_image","twitter_misc":{"Est. reading time":"1 minute"},"schema":{"@context":"https:\/\/schema.org","@graph":[{"@type":"WebPage","@id":"https:\/\/www.grospiron.com\/en\/download-the-country-guide\/","url":"https:\/\/www.grospiron.com\/en\/download-the-country-guide\/","name":"Download the country guide - Grospiron - Relocation company","isPartOf":{"@id":"https:\/\/www.grospiron.com\/en\/#website"},"primaryImageOfPage":{"@id":"https:\/\/www.grospiron.com\/en\/download-the-country-guide\/#primaryimage"},"image":{"@id":"https:\/\/www.grospiron.com\/en\/download-the-country-guide\/#primaryimage"},"thumbnailUrl":"https:\/\/www.grospiron.com\/wp-content\/uploads\/2025\/06\/guide-pays-demenagement-international.jpg","datePublished":"2024-01-25T15:03:39+00:00","dateModified":"2024-11-22T10:13:14+00:00","description":"Are you planning an international move or expatriation? Our country guide will help you with your relocation. Download it today!","breadcrumb":{"@id":"https:\/\/www.grospiron.com\/en\/download-the-country-guide\/#breadcrumb"},"inLanguage":"en-US","potentialAction":[{"@type":"ReadAction","target":["https:\/\/www.grospiron.com\/en\/download-the-country-guide\/"]}]},{"@type":"ImageObject","inLanguage":"en-US","@id":"https:\/\/www.grospiron.com\/en\/download-the-country-guide\/#primaryimage","url":"https:\/\/www.grospiron.com\/wp-content\/uploads\/2025\/06\/guide-pays-demenagement-international.jpg","contentUrl":"https:\/\/www.grospiron.com\/wp-content\/uploads\/2025\/06\/guide-pays-demenagement-international.jpg","width":360,"height":336,"caption":"Globe terrestre \u00e9voquant les d\u00e9m\u00e9nagements \u00e0 l\u2019international."},{"@type":"BreadcrumbList","@id":"https:\/\/www.grospiron.com\/en\/download-the-country-guide\/#breadcrumb","itemListElement":[{"@type":"ListItem","position":1,"name":"Home","item":"https:\/\/www.grospiron.com\/en\/"},{"@type":"ListItem","position":2,"name":"Download the country guide"}]},{"@type":"WebSite","@id":"https:\/\/www.grospiron.com\/en\/#website","url":"https:\/\/www.grospiron.com\/en\/","name":"Grospiron","description":"","publisher":{"@id":"https:\/\/www.grospiron.com\/en\/#organization"},"potentialAction":[{"@type":"SearchAction","target":{"@type":"EntryPoint","urlTemplate":"https:\/\/www.grospiron.com\/en\/?s={search_term_string}"},"query-input":{"@type":"PropertyValueSpecification","valueRequired":true,"valueName":"search_term_string"}}],"inLanguage":"en-US"},{"@type":"Organization","@id":"https:\/\/www.grospiron.com\/en\/#organization","name":"Grospiron","url":"https:\/\/www.grospiron.com\/en\/","logo":{"@type":"ImageObject","inLanguage":"en-US","@id":"https:\/\/www.grospiron.com\/en\/#\/schema\/logo\/image\/","url":"https:\/\/www.grospiron.com\/wp-content\/uploads\/2024\/10\/logo-grospiron-black.png","contentUrl":"https:\/\/www.grospiron.com\/wp-content\/uploads\/2024\/10\/logo-grospiron-black.png","width":2229,"height":517,"caption":"Grospiron"},"image":{"@id":"https:\/\/www.grospiron.com\/en\/#\/schema\/logo\/image\/"}}]}},"_links":{"self":[{"href":"https:\/\/www.grospiron.com\/en\/wp-json\/wp\/v2\/pages\/2527","targetHints":{"allow":["GET"]}}],"collection":[{"href":"https:\/\/www.grospiron.com\/en\/wp-json\/wp\/v2\/pages"}],"about":[{"href":"https:\/\/www.grospiron.com\/en\/wp-json\/wp\/v2\/types\/page"}],"author":[{"embeddable":true,"href":"https:\/\/www.grospiron.com\/en\/wp-json\/wp\/v2\/users\/1"}],"replies":[{"embeddable":true,"href":"https:\/\/www.grospiron.com\/en\/wp-json\/wp\/v2\/comments?post=2527"}],"version-history":[{"count":14,"href":"https:\/\/www.grospiron.com\/en\/wp-json\/wp\/v2\/pages\/2527\/revisions"}],"predecessor-version":[{"id":5833,"href":"https:\/\/www.grospiron.com\/en\/wp-json\/wp\/v2\/pages\/2527\/revisions\/5833"}],"wp:featuredmedia":[{"embeddable":true,"href":"https:\/\/www.grospiron.com\/en\/wp-json\/wp\/v2\/media\/7744"}],"wp:attachment":[{"href":"https:\/\/www.grospiron.com\/en\/wp-json\/wp\/v2\/media?parent=2527"}],"curies":[{"name":"wp","href":"https:\/\/api.w.org\/{rel}","templated":true}]}}