{"id":1705,"date":"2024-01-26T10:21:36","date_gmt":"2024-01-26T09:21:36","guid":{"rendered":"https:\/\/grospiron.docker-dev.limpide.fr\/?page_id=1705"},"modified":"2024-11-22T10:39:59","modified_gmt":"2024-11-22T09:39:59","slug":"mentions-legales","status":"publish","type":"page","link":"https:\/\/www.grospiron.com\/fr\/mentions-legales\/","title":{"rendered":"Mentions l\u00e9gales"},"content":{"rendered":"\n<div class=\"block block-spacing block-texte-simple has-secondary-bg-color\" >\n    <div class=\"container\">\n        <div class=\"inner-content-container\">\n                            \n<ul class=\"breadcrumb anim-element translate-y\">\n    <li class=\"breadcrumb-item\"><a href=\"https:\/\/www.grospiron.com\/fr\/\" title=\"Accueil\">Accueil<\/a><\/li>\n        <li class=\"breadcrumb-item current\">Mentions l\u00e9gales<\/li>\n<\/ul>                                        <h1 class=\"title h1 anim-element translate-y \">Mentions l\u00e9gales<\/h1>\n                                        <div class=\"content-wrapper wysiwyg-content custom-list anim-element translate-y \"><p>Vous \u00eates actuellement connect\u00e9 au site https:\/\/www.grospiron.com qui est \u00e9dit\u00e9 par Grospiron Mobility Solutions.<\/p>\n<p>D\u00e9nomination sociale : Grospiron Mobility Solutions<br \/>\nSoci\u00e9t\u00e9 Anonyme au capital de : 541.632 \u20ac.<br \/>\nRCS : Paris N\u00b0 377 589 932<br \/>\nSi\u00e8ge social : 30 Avenue Albert Einstein \u2013 93150 LE BLANC MESNIL<br \/>\nNum\u00e9ro de t\u00e9l\u00e9phone : 01 48 14 42 42.<br \/>\nResponsable de publication : Olga Haffner<\/p>\n<h3>1. Acceptation<\/h3>\n<p>Tout acc\u00e8s au site Internet www.grospiron.com et\/ou toute utilisation du dit site et \/ou tout t\u00e9l\u00e9chargement d\u2019une partie du contenu dudit site par l\u2019utilisateur vaut acceptation des pr\u00e9sentes conditions d\u2019utilisation du site, telles que d\u00e9finies ci-apr\u00e8s.<\/p>\n<h3>2. Charte \u00e9ditoriale<\/h3>\n<p>Le site Internet www.grospiron.com est un site du Groupe Grospiron Mobility Solutions. Les informations fournies dans ce site ne sont donn\u00e9es qu\u2019\u00e0 titre indicatif et n\u2019ont pas de valeur contractuelle.<br \/>\nGrospiron International se r\u00e9serve le droit, \u00e0 tout moment et sans pr\u00e9avis d\u2019apporter des am\u00e9liorations et\/ou des modifications au contenu du site www.grospiron.com.<\/p>\n<p>Les utilisateurs seront automatiquement li\u00e9s par ces modifications quand ils navigueront sur le site Internet www.grospiron.com. Il est donc conseill\u00e9 aux utilisateurs de consulter syst\u00e9matiquement les conditions d\u2019utilisation en se connectant sur le site.<\/p>\n<div id=\"fws_6605a5394b058\" class=\"wpb_row vc_row-fluid vc_row inner_row \" data-midnight=\"\" data-column-margin=\"default\">\n<div class=\"row_col_wrap_12_inner col span_12 left\">\n<div class=\"vc_col-sm-12 wpb_column column_container vc_column_container col child_column no-extra-padding instance-4\" data-using-bg=\"true\" data-padding-pos=\"all\" data-has-bg-color=\"true\" data-bg-color=\"rgba(0,0,0,0.01)\" data-bg-opacity=\"1\" data-animation=\"\" data-delay=\"0\">\n<div class=\"vc_column-inner\">\n<div class=\"wpb_wrapper\">\n<div class=\"wpb_text_column wpb_content_element \">\n<div class=\"wpb_wrapper\">\n<h3>3. S\u00e9curit\u00e9<\/h3>\n<p>Il est rappel\u00e9 que le secret des correspondances priv\u00e9es n\u2019est pas garanti sur le r\u00e9seau Internet. Par ailleurs, il appartient \u00e0 chaque utilisateur d\u2019Internet de prendre toutes les mesures appropri\u00e9es de fa\u00e7on \u00e0 prot\u00e9ger ses propres donn\u00e9es et\/ou logiciels de la contamination d\u2019\u00e9ventuels virus circulant sur Internet.<\/p>\n<p>Grospiron Mobility Solutions g\u00e9rera vos informations selon les normes les plus strictes en mati\u00e8re de s\u00e9curit\u00e9 de l\u2019information.<\/p>\n<h3>4. Liens hypertextes<\/h3>\n<\/div>\n<\/div>\n<\/div>\n<\/div>\n<\/div>\n<\/div>\n<\/div>\n<div id=\"fws_6605a5394b5fa\" class=\"wpb_row vc_row-fluid vc_row inner_row \" data-midnight=\"\" data-column-margin=\"default\">\n<div class=\"row_col_wrap_12_inner col span_12 left\">\n<div class=\"vc_col-sm-12 wpb_column column_container vc_column_container col child_column no-extra-padding instance-5\" data-using-bg=\"true\" data-padding-pos=\"all\" data-has-bg-color=\"true\" data-bg-color=\"rgba(0,0,0,0.01)\" data-bg-opacity=\"1\" data-animation=\"\" data-delay=\"0\">\n<div class=\"vc_column-inner\">\n<div class=\"wpb_wrapper\">\n<div class=\"wpb_text_column wpb_content_element \">\n<div class=\"wpb_wrapper\">\n<p>Concernant les liens que Grospiron Mobility Solutions pourrait cr\u00e9er de son site www.grospiron.com vers d\u2019autres sites Internet internes ou externes, Grospiron International n\u2019est pas responsable du contenu \u00e9ditorial de ces autres sites, ni de leurs conditions d\u2019acc\u00e8s. Il appartiendra aux utilisateurs de v\u00e9rifier la qualit\u00e9 des informations communiqu\u00e9es sur ces autres sites, ainsi que leurs conditions g\u00e9n\u00e9rales d\u2019utilisation.<\/p>\n<\/div>\n<\/div>\n<\/div>\n<\/div>\n<\/div>\n<\/div>\n<\/div>\n<div id=\"fws_6605a5394bb7f\" class=\"wpb_row vc_row-fluid vc_row inner_row \" data-midnight=\"\" data-column-margin=\"default\">\n<div class=\"row-bg-wrap\">\n<div class=\"row-bg\">\n<h3>5 \u2013 Propri\u00e9t\u00e9 intellectuelle \u2013 marques\u2013 r\u00e8gles de bonne conduite<\/h3>\n<p>Le site et son contenu sont prot\u00e9g\u00e9s au titre de la propri\u00e9t\u00e9 intellectuelle, en particulier par les droits d\u2019auteurs, dessins et mod\u00e8les et droit des marques.<\/p>\n<p>Toute exploitation, reproduction, tout usage, qu\u2019ils soient int\u00e9graux ou partiels, des cr\u00e9ations, marques, logos, et de tout autre \u00e9l\u00e9ment constitutif du site, par quelque proc\u00e9d\u00e9 ou support que ce soit, sont interdits et constituent, sans autorisation de l\u2019\u00e9diteur, une contrefa\u00e7on.<\/p>\n<p>Cet usage doit \u00eatre effectu\u00e9 dans le strict respect des droits de propri\u00e9t\u00e9 intellectuels, d\u2019auteurs et uniquement dans le cadre de l\u2019usage personnel pr\u00e9vu ci-dessus, selon les seules modalit\u00e9s indiqu\u00e9es sur le site. Tout autre usage est formellement interdit.<\/p>\n<p>Aucune exploitation, reproduction, aucun usage de ces cr\u00e9ations, marques, logos, \u00e0 des fins commerciales et professionnelles (y compris une reproduction int\u00e9grale ou partielle sur un site Internet personnel) n\u2019est autoris\u00e9. Tout utilisateur contrevenant \u00e0 ces dispositions s\u2019expose \u00e0 des poursuites.<\/p>\n<p>De plus, l\u2019utilisateur s\u2019engage \u00e0 ne pas faire d\u2019usage contraire \u00e0 l\u2019ordre public et aux bonnes m\u0153urs, attentatoire \u00e0 la vie priv\u00e9e de tiers, diffamatoire ou injurieux, \u00e0 caract\u00e8re violent, grossier ou obsc\u00e8ne, incitant \u00e0 la discrimination, \u00e0 la haine d\u2019une personne ou d\u2019un groupe de personnes en raison de leur origine, de leur appartenance ou de leur non appartenance \u00e0 une ethnie, une nation, une race ou une religion d\u00e9termin\u00e9e, susceptible de constituer ou d\u2019encourager un comportement qui saurait \u00eatre consid\u00e9r\u00e9 comme un acte criminel, engager la responsabilit\u00e9 civile de son auteur ou violer autrement la r\u00e9glementation en vigueur.<br \/>\nGrospiron International se r\u00e9serve le droit d\u2019exercer toutes voies de droit \u00e0 l\u2019encontre des personnes qui porteraient atteinte \u00e0 ses droits, \u00e0 son image de marque et \u00e0 sa r\u00e9putation.<\/p>\n<p>En outre, Grospiron Mobility Solutions se r\u00e9serve le droit de retirer, suspendre, supprimer totalement ou partiellement, de mani\u00e8re provisoire ou d\u00e9finitive, ces services, notamment en cas de violation des pr\u00e9sentes conditions d\u2019utilisations.<\/p>\n<h3>6 \u2013 Donn\u00e9es personnelles \u2013 Charte de protection des donn\u00e9es<\/h3>\n<p>En t\u00e9l\u00e9chargeant et en communiquant les adresses e-mails, vous acceptez explicitement les conditions d\u2019utilisation de vos donn\u00e9es personnelles.<br \/>\nConform\u00e9ment \u00e0 la loi Informatique et Libert\u00e9s, les informations collect\u00e9es sont obligatoires. Ces informations sont destin\u00e9es \u00e0 Grospiron International, responsable du traitement, et seront utilis\u00e9es pour le traitement de votre demande. En cas de non-r\u00e9ponse aux informations, votre demande ne pourra \u00eatre trait\u00e9e. Vous disposez d\u2019un droit d\u2019acc\u00e8s, de rectification et d\u2019opposition des informations vous concernant aupr\u00e8s de Grospiron Mobility Solutions, 30 Avenue Albert Einstein \u2013 93150 LE BLANC MESNIL<br \/>\nTel : 01 48 14 42 42<br \/>\nCertifi\u00e9 ISO 27001 (S\u00e9curit\u00e9 de l\u2019Information) depuis 2012, notre groupe a toujours accord\u00e9 beaucoup d\u2019importance \u00e0 garantir la s\u00e9curit\u00e9 des informations qui nous sont confi\u00e9es par nos clients. Aujourd\u2019hui, en accord avec les toutes derni\u00e8res r\u00e8gles mises en place par l\u2019Union europ\u00e9enne pour prot\u00e9ger les utilisateurs et la fa\u00e7on dont leurs donn\u00e9es sont recueillies, trait\u00e9es, enregistr\u00e9es, stock\u00e9es et\/ou supprim\u00e9es, nous nous mettons en conformit\u00e9 avec le R\u00e8glement G\u00e9n\u00e9ral de la Protection des Donn\u00e9es (RGPD) applicable au 25\/05\/2018 pour toutes les soci\u00e9t\u00e9s europ\u00e9ennes.<\/p>\n<p>Pour votre information :<\/p>\n<ul>\n<li>Notre politique de confidentialit\u00e9 a \u00e9t\u00e9 \u00e9tablie dans le strict respect des int\u00e9r\u00eats de nos clients, prospects et collaborateurs. Un garant du traitement et de la confidentialit\u00e9 de ces donn\u00e9es a \u00e9t\u00e9 nomm\u00e9.<\/li>\n<li>Vos donn\u00e9es personnelles sont collect\u00e9es sur la base du volontariat, uniquement pour r\u00e9pondre \u00e0 une demande de service ou \u00e9tablir un devis.<\/li>\n<li>Les informations personnelles recueillies font l\u2019objet d\u2019un traitement informatique auquel vous consentez. Vous b\u00e9n\u00e9ficiez par ailleurs d\u2019un droit d\u2019acc\u00e8s, de rectification, d\u2019opposition, de portabilit\u00e9 et d\u2019effacement de vos informations. Vous pouvez exercer ce droit en vous adressant \u00e0 notre direction commerciale (sales@grospiron.com) qui vous r\u00e9pondra dans un d\u00e9lai d&rsquo;un mois maximum.<\/li>\n<li>Nous ne collectons aucunes donn\u00e9es sensibles sur des formulaires en ligne.<\/li>\n<li>Nous n\u2019utilisons pas de cookies pour stocker vos informations personnelles.<\/li>\n<li>Nous ne communiquons aucune de vos donn\u00e9es \u00e0 des tiers ext\u00e9rieurs.<\/li>\n<li>Vos donn\u00e9es sont h\u00e9berg\u00e9es en France.<\/li>\n<li>En cas de violation de vos donn\u00e9es, nous vous informerons dans un d\u00e9lai de 72 heures.<\/li>\n<li>Vos donn\u00e9es personnelles collect\u00e9es seront d\u00e9truites conform\u00e9ment aux d\u00e9lais l\u00e9gaux en vigueur.<\/li>\n<\/ul>\n<p>Si vous avez d\u2019autres questions ou pr\u00e9occupations concernant notre politique de confidentialit\u00e9, veuillez nous contacter \u00e0 l\u2019adresse :\u00a0<a href=\"mailto:quality@grospiron.com\">quality@grospiron.com<\/a><\/p>\n<h3>7 \u2013 Cookies<\/h3>\n<\/div>\n<\/div>\n<div class=\"row_col_wrap_12_inner col span_12 left\">\n<div class=\"vc_col-sm-12 wpb_column column_container vc_column_container col child_column no-extra-padding instance-6\" data-using-bg=\"true\" data-padding-pos=\"all\" data-has-bg-color=\"true\" data-bg-color=\"rgba(0,0,0,0.01)\" data-bg-opacity=\"1\" data-animation=\"\" data-delay=\"0\">\n<div class=\"vc_column-inner\">\n<div class=\"column-bg-overlay-wrap\" data-bg-animation=\"none\">\n<div class=\"column-bg-overlay\">\n<div id=\"fws_6605a5394c797\" class=\"wpb_row vc_row-fluid vc_row inner_row \" data-midnight=\"\" data-column-margin=\"default\">\n<div class=\"row_col_wrap_12_inner col span_12 left\">\n<div class=\"vc_col-sm-12 wpb_column column_container vc_column_container col child_column no-extra-padding instance-8\" data-using-bg=\"true\" data-padding-pos=\"all\" data-has-bg-color=\"true\" data-bg-color=\"rgba(0,0,0,0.01)\" data-bg-opacity=\"1\" data-animation=\"\" data-delay=\"0\">\n<div class=\"vc_column-inner\">\n<div class=\"wpb_wrapper\">\n<div class=\"wpb_text_column wpb_content_element \">\n<div class=\"wpb_wrapper\">\n<p>Un \u201ccookie\u201d est un petit fichier texte plac\u00e9, \u00e0 l\u2019occasion d\u2019une consultation, par le site serveur, sur le disque dur de l\u2019utilisateur de mani\u00e8re temporaire (\u201ccookie de session\u201d, stock\u00e9 le temps de la visite) ou durable (\u201ccookie permanent\u201d).<\/p>\n<p>Un cookie d\u2019une dur\u00e9e de vie d\u2019un mois est implant\u00e9 lors de la connexion \u00e0 la page d\u2019accueil pour enregistrer vos pr\u00e9f\u00e9rences de niveau sonore. Le refus de ce cookie n\u2019affecte pas la navigation.<\/p>\n<\/div>\n<\/div>\n<\/div>\n<\/div>\n<\/div>\n<\/div>\n<\/div>\n<div id=\"fws_6605a5394cd37\" class=\"wpb_row vc_row-fluid vc_row inner_row \" data-midnight=\"\" data-column-margin=\"default\">\n<div class=\"row_col_wrap_12_inner col span_12 left\">\n<div class=\"vc_col-sm-12 wpb_column column_container vc_column_container col child_column no-extra-padding instance-9\" data-using-bg=\"true\" data-padding-pos=\"all\" data-has-bg-color=\"true\" data-bg-color=\"rgba(0,0,0,0.01)\" data-bg-opacity=\"1\" data-animation=\"\" data-delay=\"0\">\n<div class=\"vc_column-inner\">\n<div class=\"wpb_wrapper\">\n<div class=\"wpb_text_column wpb_content_element \">\n<div class=\"wpb_wrapper\">\n<h3>8 \u2013 Loi applicable<\/h3>\n<p>Le contenu du site\u00a0<a href=\"https:\/\/www.grospiron.com\/\">www.grospiron.com<\/a>\u00a0est assujetti au droit fran\u00e7ais. Tout utilisateur reconna\u00eet la comp\u00e9tence des tribunaux fran\u00e7ais pour tout ce qui concerne le contenu et l\u2019utilisation du site ou les recours en d\u00e9coulant.<\/p>\n<\/div>\n<\/div>\n<\/div>\n<\/div>\n<\/div>\n<\/div>\n<\/div>\n<\/div>\n<\/div>\n<div class=\"wpb_wrapper\">\n<div class=\"wpb_text_column wpb_content_element \">\n<div class=\"wpb_wrapper\"><\/div>\n<\/div>\n<\/div>\n<\/div>\n<\/div>\n<\/div>\n<\/div>\n<\/div>\n                    <\/div>\n    <\/div>\n<\/div>","protected":false},"excerpt":{"rendered":"","protected":false},"author":1,"featured_media":0,"parent":0,"menu_order":0,"comment_status":"closed","ping_status":"closed","template":"","meta":{"_acf_changed":false,"footnotes":""},"class_list":["post-1705","page","type-page","status-publish","hentry"],"acf":[],"yoast_head":"<!-- This site is optimized with the Yoast SEO plugin v26.9 - https:\/\/yoast.com\/product\/yoast-seo-wordpress\/ -->\n<title>Mentions l\u00e9gales - Grospiron<\/title>\n<meta name=\"robots\" content=\"noindex, nofollow\" \/>\n<meta property=\"og:locale\" content=\"fr_FR\" \/>\n<meta property=\"og:type\" content=\"article\" \/>\n<meta property=\"og:title\" content=\"Mentions l\u00e9gales - Grospiron\" \/>\n<meta property=\"og:url\" content=\"https:\/\/www.grospiron.com\/fr\/mentions-legales\/\" \/>\n<meta property=\"og:site_name\" content=\"Grospiron\" \/>\n<meta property=\"article:modified_time\" content=\"2024-11-22T09:39:59+00:00\" \/>\n<meta name=\"twitter:card\" content=\"summary_large_image\" \/>\n<script type=\"application\/ld+json\" class=\"yoast-schema-graph\">{\"@context\":\"https:\/\/schema.org\",\"@graph\":[{\"@type\":\"WebPage\",\"@id\":\"https:\/\/www.grospiron.com\/fr\/mentions-legales\/\",\"url\":\"https:\/\/www.grospiron.com\/fr\/mentions-legales\/\",\"name\":\"Mentions l\u00e9gales - Grospiron\",\"isPartOf\":{\"@id\":\"https:\/\/www.grospiron.com\/fr\/#website\"},\"datePublished\":\"2024-01-26T09:21:36+00:00\",\"dateModified\":\"2024-11-22T09:39:59+00:00\",\"breadcrumb\":{\"@id\":\"https:\/\/www.grospiron.com\/fr\/mentions-legales\/#breadcrumb\"},\"inLanguage\":\"fr-FR\",\"potentialAction\":[{\"@type\":\"ReadAction\",\"target\":[\"https:\/\/www.grospiron.com\/fr\/mentions-legales\/\"]}]},{\"@type\":\"BreadcrumbList\",\"@id\":\"https:\/\/www.grospiron.com\/fr\/mentions-legales\/#breadcrumb\",\"itemListElement\":[{\"@type\":\"ListItem\",\"position\":1,\"name\":\"Home\",\"item\":\"https:\/\/www.grospiron.com\/fr\/\"},{\"@type\":\"ListItem\",\"position\":2,\"name\":\"Mentions l\u00e9gales\"}]},{\"@type\":\"WebSite\",\"@id\":\"https:\/\/www.grospiron.com\/fr\/#website\",\"url\":\"https:\/\/www.grospiron.com\/fr\/\",\"name\":\"Grospiron\",\"description\":\"\",\"publisher\":{\"@id\":\"https:\/\/www.grospiron.com\/fr\/#organization\"},\"potentialAction\":[{\"@type\":\"SearchAction\",\"target\":{\"@type\":\"EntryPoint\",\"urlTemplate\":\"https:\/\/www.grospiron.com\/fr\/?s={search_term_string}\"},\"query-input\":{\"@type\":\"PropertyValueSpecification\",\"valueRequired\":true,\"valueName\":\"search_term_string\"}}],\"inLanguage\":\"fr-FR\"},{\"@type\":\"Organization\",\"@id\":\"https:\/\/www.grospiron.com\/fr\/#organization\",\"name\":\"Grospiron\",\"url\":\"https:\/\/www.grospiron.com\/fr\/\",\"logo\":{\"@type\":\"ImageObject\",\"inLanguage\":\"fr-FR\",\"@id\":\"https:\/\/www.grospiron.com\/fr\/#\/schema\/logo\/image\/\",\"url\":\"https:\/\/www.grospiron.com\/wp-content\/uploads\/2024\/10\/logo-grospiron-black.png\",\"contentUrl\":\"https:\/\/www.grospiron.com\/wp-content\/uploads\/2024\/10\/logo-grospiron-black.png\",\"width\":2229,\"height\":517,\"caption\":\"Grospiron\"},\"image\":{\"@id\":\"https:\/\/www.grospiron.com\/fr\/#\/schema\/logo\/image\/\"}}]}<\/script>\n<!-- \/ Yoast SEO plugin. -->","yoast_head_json":{"title":"Mentions l\u00e9gales - Grospiron","robots":{"index":"noindex","follow":"nofollow"},"og_locale":"fr_FR","og_type":"article","og_title":"Mentions l\u00e9gales - Grospiron","og_url":"https:\/\/www.grospiron.com\/fr\/mentions-legales\/","og_site_name":"Grospiron","article_modified_time":"2024-11-22T09:39:59+00:00","twitter_card":"summary_large_image","schema":{"@context":"https:\/\/schema.org","@graph":[{"@type":"WebPage","@id":"https:\/\/www.grospiron.com\/fr\/mentions-legales\/","url":"https:\/\/www.grospiron.com\/fr\/mentions-legales\/","name":"Mentions l\u00e9gales - Grospiron","isPartOf":{"@id":"https:\/\/www.grospiron.com\/fr\/#website"},"datePublished":"2024-01-26T09:21:36+00:00","dateModified":"2024-11-22T09:39:59+00:00","breadcrumb":{"@id":"https:\/\/www.grospiron.com\/fr\/mentions-legales\/#breadcrumb"},"inLanguage":"fr-FR","potentialAction":[{"@type":"ReadAction","target":["https:\/\/www.grospiron.com\/fr\/mentions-legales\/"]}]},{"@type":"BreadcrumbList","@id":"https:\/\/www.grospiron.com\/fr\/mentions-legales\/#breadcrumb","itemListElement":[{"@type":"ListItem","position":1,"name":"Home","item":"https:\/\/www.grospiron.com\/fr\/"},{"@type":"ListItem","position":2,"name":"Mentions l\u00e9gales"}]},{"@type":"WebSite","@id":"https:\/\/www.grospiron.com\/fr\/#website","url":"https:\/\/www.grospiron.com\/fr\/","name":"Grospiron","description":"","publisher":{"@id":"https:\/\/www.grospiron.com\/fr\/#organization"},"potentialAction":[{"@type":"SearchAction","target":{"@type":"EntryPoint","urlTemplate":"https:\/\/www.grospiron.com\/fr\/?s={search_term_string}"},"query-input":{"@type":"PropertyValueSpecification","valueRequired":true,"valueName":"search_term_string"}}],"inLanguage":"fr-FR"},{"@type":"Organization","@id":"https:\/\/www.grospiron.com\/fr\/#organization","name":"Grospiron","url":"https:\/\/www.grospiron.com\/fr\/","logo":{"@type":"ImageObject","inLanguage":"fr-FR","@id":"https:\/\/www.grospiron.com\/fr\/#\/schema\/logo\/image\/","url":"https:\/\/www.grospiron.com\/wp-content\/uploads\/2024\/10\/logo-grospiron-black.png","contentUrl":"https:\/\/www.grospiron.com\/wp-content\/uploads\/2024\/10\/logo-grospiron-black.png","width":2229,"height":517,"caption":"Grospiron"},"image":{"@id":"https:\/\/www.grospiron.com\/fr\/#\/schema\/logo\/image\/"}}]}},"_links":{"self":[{"href":"https:\/\/www.grospiron.com\/fr\/wp-json\/wp\/v2\/pages\/1705","targetHints":{"allow":["GET"]}}],"collection":[{"href":"https:\/\/www.grospiron.com\/fr\/wp-json\/wp\/v2\/pages"}],"about":[{"href":"https:\/\/www.grospiron.com\/fr\/wp-json\/wp\/v2\/types\/page"}],"author":[{"embeddable":true,"href":"https:\/\/www.grospiron.com\/fr\/wp-json\/wp\/v2\/users\/1"}],"replies":[{"embeddable":true,"href":"https:\/\/www.grospiron.com\/fr\/wp-json\/wp\/v2\/comments?post=1705"}],"version-history":[{"count":21,"href":"https:\/\/www.grospiron.com\/fr\/wp-json\/wp\/v2\/pages\/1705\/revisions"}],"predecessor-version":[{"id":6058,"href":"https:\/\/www.grospiron.com\/fr\/wp-json\/wp\/v2\/pages\/1705\/revisions\/6058"}],"wp:attachment":[{"href":"https:\/\/www.grospiron.com\/fr\/wp-json\/wp\/v2\/media?parent=1705"}],"curies":[{"name":"wp","href":"https:\/\/api.w.org\/{rel}","templated":true}]}}