{"id":1728,"date":"2024-01-26T14:52:23","date_gmt":"2024-01-26T13:52:23","guid":{"rendered":"https:\/\/grospiron.docker-dev.limpide.fr\/?page_id=1728"},"modified":"2025-08-06T10:26:48","modified_gmt":"2025-08-06T08:26:48","slug":"technologies","status":"publish","type":"page","link":"https:\/\/www.grospiron.com\/fr\/technologies\/","title":{"rendered":"Technologies \u00a0"},"content":{"rendered":"<div class=\"header-text-image block block-spacing dark has-dark-grey-bg-color has-white-color type-text-only\" >\n    <div class=\"container\">\n                    \n<ul class=\"breadcrumb anim-element translate-y\">\n    <li class=\"breadcrumb-item\"><a href=\"https:\/\/www.grospiron.com\/fr\/\" title=\"Accueil\">Accueil<\/a><\/li>\n        <li class=\"breadcrumb-item current\">Nos technologies<\/li>\n<\/ul>                <div class=\"inner-content-container\">\n            <div class=\"wrapper-content\">\n                                    <h1 class=\"h1 title anim-element translate-y\">Grospiron Mobility Solutions Connect<\/h1>\n                                                    <div class=\"text anim-element translate-y\">Notre solution digitale au service des ressources humaines <br \/>\r\net des collaborateurs en mobilit\u00e9.<\/div>\n                                                    \n<div class=\"wrapper-buttons horizontal anim-element translate-y\">\n                        <a\n            href=\"https:\/\/www.grospiron.com\/fr\/contact-entreprises\/\"\n            title=\"Contactez nos experts\"\n            target=\"\"\n            class=\"btn btn-filled btn-primary btn-white-hover\"\n        >\n            <span class=\"btn-text\">Contactez nos experts<\/span>\n        <\/a>\n        <\/div>\n\n                            <\/div>\n                        <div class=\"pattern\">\n                <svg xmlns=\"http:\/\/www.w3.org\/2000\/svg\" width=\"604\" height=\"604\" viewBox=\"0 0 604 604\" fill=\"none\">\n  <path d=\"M585.631 352.815L546.707 313.88C542.337 309.509 538.062 305.342 534.593 302.05C538.103 298.757 542.432 294.55 546.707 290.287L585.617 251.353C594.658 242.309 602.921 233.593 603.986 231.995V228.498C602.921 226.899 594.658 218.183 585.617 209.14L394.905 18.3743C385.864 9.33061 377.123 1.05191 375.484 0H372.11C370.472 1.06557 361.744 9.33061 352.69 18.3743L313.78 57.2951C309.751 61.3252 305.653 65.8471 302.403 69.7815C299.07 66.2706 294.741 61.8307 290.207 57.2951L251.283 18.3743C242.242 9.33061 233.501 1.05191 231.862 0H228.489C226.85 1.06557 218.109 9.33061 209.068 18.3743L18.3829 209.153C9.34169 218.197 -0.0409723 229.686 0.655557 231.544C1.36574 233.402 9.34169 242.323 18.3829 251.366L57.2929 290.301C61.5677 294.577 65.8971 298.771 69.3934 302.05C65.9381 305.328 61.6497 309.509 57.2793 313.88L18.3692 352.801C9.32803 361.845 1.06528 370.561 0 372.159V375.656C1.06528 377.255 9.32803 385.97 18.3692 395.014L209.082 585.793C218.123 594.837 227.574 603.676 228.503 603.853C229.431 604.031 230.947 604.031 231.876 603.853C232.805 603.676 242.242 594.85 251.297 585.793L290.22 546.872C294.632 542.46 298.852 538.129 302.157 534.659C305.326 538.184 309.423 542.514 313.793 546.872L352.717 585.807C361.758 594.85 371.209 603.689 372.138 603.867C373.066 604.044 374.582 604.044 375.511 603.867C376.44 603.689 385.877 594.864 394.918 585.807L585.631 395.041C594.672 385.998 602.948 377.282 604 375.683V372.186C602.935 370.588 594.672 361.872 585.631 352.828V352.815ZM99.5081 313.88C95.1377 309.509 90.8629 305.342 87.3939 302.05C90.8902 298.771 95.2333 294.563 99.5081 290.287L290.22 99.5083C294.632 95.0957 298.852 90.7651 302.157 87.2952C305.326 90.8198 309.423 95.1367 313.793 99.5083L504.506 290.287C508.767 294.55 513.11 298.757 516.62 302.05C513.164 305.328 508.876 309.509 504.506 313.88L313.793 504.659C309.764 508.689 305.667 513.211 302.417 517.145C299.084 513.634 294.755 509.195 290.22 504.659L99.5081 313.88Z\" \/>\n<\/svg>            <\/div>\n        <\/div>\n    <\/div>\n<\/div>\n\n\n\n<div class=\"block-formulaire block block-spacing has-transparent-bg-color\"  id=\"demo\">\n    <div class=\"container\">\n        <div class=\"inner-content-container display-row\">\n            <div class=\"wrapper-content \">\n                                    <h2 class=\"title h2  anim-element translate-y \">La mobilit\u00e9 du bout des doigts\u202f<\/h2>\n                                                    <div class=\"content wysiwyg-content\"><p><span class=\"TextRun SCXW106760665 BCX8\" lang=\"FR-FR\" xml:lang=\"FR-FR\" data-contrast=\"auto\"><span class=\"NormalTextRun SCXW106760665 BCX8\">Nous mettons \u00e0 la disposition de nos clients un outil<\/span> <\/span><span class=\"TextRun SCXW106760665 BCX8\" lang=\"FR-FR\" xml:lang=\"FR-FR\" data-contrast=\"auto\"><span class=\"NormalTextRun SCXW106760665 BCX8\">de gestion<\/span><span class=\"NormalTextRun SCXW106760665 BCX8\"> digital qui<\/span><span class=\"NormalTextRun SCXW106760665 BCX8\"> a \u00e9t\u00e9 d\u00e9velopp\u00e9 pour optimiser le d\u00e9roulement <\/span><span class=\"NormalTextRun SCXW106760665 BCX8\">et le suivi <\/span><span class=\"NormalTextRun SCXW106760665 BCX8\">des op\u00e9rations de <\/span><span class=\"NormalTextRun SCXW106760665 BCX8\">mobilit\u00e9 <\/span><span class=\"NormalTextRun SCXW106760665 BCX8\">qui nous sont confi\u00e9es<\/span><span class=\"NormalTextRun SCXW106760665 BCX8\">\u202f: visa <\/span><span class=\"NormalTextRun SCXW106760665 BCX8\">et immigration, <\/span><span class=\"NormalTextRun SCXW106760665 BCX8\">pilotage des d\u00e9m\u00e9nagements, services de relocation,<\/span> <span class=\"NormalTextRun SpellingErrorV2Themed SCXW106760665 BCX8\">etc<\/span><span class=\"NormalTextRun SCXW106760665 BCX8\">, <\/span><span class=\"NormalTextRun ContextualSpellingAndGrammarErrorV2Themed SCXW106760665 BCX8\">\u2026 <\/span><\/span><\/p>\n<p><span class=\"TextRun SCXW106760665 BCX8\" lang=\"FR-FR\" xml:lang=\"FR-FR\" data-contrast=\"auto\"><span class=\"NormalTextRun SCXW106760665 BCX8\">Cette plateforme accessible en ligne, permet de regrouper toutes les informations relatives \u00e0 un dossier g\u00e9r\u00e9 par nos services, de l\u2019initiation \u00e0 la facturation finale de la prestation. Toutes les parties prenantes ont la possibilit\u00e9 d\u2019un acc\u00e8s 24\/7 et de notifications en temps r\u00e9el de l\u2019\u00e9tat d\u2019avancement de leur dossier ou des dossiers de leur s collaborateur via PC, tablette ou Smartphone. <\/span><\/span><\/p>\n<p><span class=\"TextRun SCXW106760665 BCX8\" lang=\"FR-FR\" xml:lang=\"FR-FR\" data-contrast=\"auto\"><span class=\"NormalTextRun SCXW106760665 BCX8\">N<\/span><span class=\"NormalTextRun SCXW106760665 BCX8\">otre syst\u00e8me s\u00e9curis\u00e9 et conforme \u00e0 la l\u00e9gislation RGPD s\u00e9curis\u00e9 est capable, via une API, de partager ou de recevoir de l\u2019information d\u2019un autre syst\u00e8me d\u2019information.<\/span> <span class=\"NormalTextRun SCXW106760665 BCX8\">Afin de vous permettre de mieux appr\u00e9hender les capacit\u00e9s de notre outil, <\/span><span class=\"NormalTextRun SCXW106760665 BCX8\">nos \u00e9quipes sont<\/span><span class=\"NormalTextRun SCXW106760665 BCX8\"> \u00e0 votre disposition pour vous proposer une d\u00e9monstration<\/span><span class=\"NormalTextRun SCXW106760665 BCX8\">, il vous suffit de nous contacter<\/span><span class=\"NormalTextRun SCXW106760665 BCX8\">, c\u2019est<strong> sans aucun engagement\u202f!<\/strong><\/span><\/span><strong><span class=\"EOP SCXW106760665 BCX8\" data-ccp-props=\"{&quot;201341983&quot;:0,&quot;335559739&quot;:160,&quot;335559740&quot;:360}\">\u00a0<\/span><\/strong><\/p>\n<\/div>\n                            <\/div>\n                            <div class=\"wrapper-formulaire \">\n                    <div class=\"formulaire-inner formulaire anim-element translate-y\">\n                        <div id=\"hubspot-form-69ee6862a049b\" class=\"hubspot-multistep-form js-hubspot-multistep-form\" data-portal-id=\"143371454\" data-forms=\"4a24e9d6-8200-4c45-a180-6b50fcf5c8ac\"><\/div>                    <\/div>\n                <\/div>\n                    <\/div>\n    <\/div>\n<\/div>\n\n\n\n\n\n\n\n<div class=\"block-push-pleine-largeur\" >\n    <div class=\"container\">\n        <div class=\"inner-content-container\">\n                            <h2 class=\"title h2 anim-element translate-y \">Des projets pour votre entreprise ? <\/h2>\n                                        \n<div class=\"wrapper-buttons horizontal anim-element translate-y\">\n                        <a\n            href=\"https:\/\/www.grospiron.com\/fr\/contact-entreprise\/\"\n            title=\"Contactez nos experts\"\n            target=\"\"\n            class=\"btn btn-filled btn-white btn-primary-hover\"\n        >\n            <span class=\"btn-text\">Contactez nos experts<\/span>\n        <\/a>\n        <\/div>\n\n                        <div class=\"pattern first\"><svg xmlns=\"http:\/\/www.w3.org\/2000\/svg\" width=\"604\" height=\"604\" viewBox=\"0 0 604 604\" fill=\"none\">\n  <path d=\"M585.631 352.815L546.707 313.88C542.337 309.509 538.062 305.342 534.593 302.05C538.103 298.757 542.432 294.55 546.707 290.287L585.617 251.353C594.658 242.309 602.921 233.593 603.986 231.995V228.498C602.921 226.899 594.658 218.183 585.617 209.14L394.905 18.3743C385.864 9.33061 377.123 1.05191 375.484 0H372.11C370.472 1.06557 361.744 9.33061 352.69 18.3743L313.78 57.2951C309.751 61.3252 305.653 65.8471 302.403 69.7815C299.07 66.2706 294.741 61.8307 290.207 57.2951L251.283 18.3743C242.242 9.33061 233.501 1.05191 231.862 0H228.489C226.85 1.06557 218.109 9.33061 209.068 18.3743L18.3829 209.153C9.34169 218.197 -0.0409723 229.686 0.655557 231.544C1.36574 233.402 9.34169 242.323 18.3829 251.366L57.2929 290.301C61.5677 294.577 65.8971 298.771 69.3934 302.05C65.9381 305.328 61.6497 309.509 57.2793 313.88L18.3692 352.801C9.32803 361.845 1.06528 370.561 0 372.159V375.656C1.06528 377.255 9.32803 385.97 18.3692 395.014L209.082 585.793C218.123 594.837 227.574 603.676 228.503 603.853C229.431 604.031 230.947 604.031 231.876 603.853C232.805 603.676 242.242 594.85 251.297 585.793L290.22 546.872C294.632 542.46 298.852 538.129 302.157 534.659C305.326 538.184 309.423 542.514 313.793 546.872L352.717 585.807C361.758 594.85 371.209 603.689 372.138 603.867C373.066 604.044 374.582 604.044 375.511 603.867C376.44 603.689 385.877 594.864 394.918 585.807L585.631 395.041C594.672 385.998 602.948 377.282 604 375.683V372.186C602.935 370.588 594.672 361.872 585.631 352.828V352.815ZM99.5081 313.88C95.1377 309.509 90.8629 305.342 87.3939 302.05C90.8902 298.771 95.2333 294.563 99.5081 290.287L290.22 99.5083C294.632 95.0957 298.852 90.7651 302.157 87.2952C305.326 90.8198 309.423 95.1367 313.793 99.5083L504.506 290.287C508.767 294.55 513.11 298.757 516.62 302.05C513.164 305.328 508.876 309.509 504.506 313.88L313.793 504.659C309.764 508.689 305.667 513.211 302.417 517.145C299.084 513.634 294.755 509.195 290.22 504.659L99.5081 313.88Z\" \/>\n<\/svg><\/div> \n            <div class=\"pattern last\"><svg xmlns=\"http:\/\/www.w3.org\/2000\/svg\" width=\"604\" height=\"604\" viewBox=\"0 0 604 604\" fill=\"none\">\n  <path d=\"M585.631 352.815L546.707 313.88C542.337 309.509 538.062 305.342 534.593 302.05C538.103 298.757 542.432 294.55 546.707 290.287L585.617 251.353C594.658 242.309 602.921 233.593 603.986 231.995V228.498C602.921 226.899 594.658 218.183 585.617 209.14L394.905 18.3743C385.864 9.33061 377.123 1.05191 375.484 0H372.11C370.472 1.06557 361.744 9.33061 352.69 18.3743L313.78 57.2951C309.751 61.3252 305.653 65.8471 302.403 69.7815C299.07 66.2706 294.741 61.8307 290.207 57.2951L251.283 18.3743C242.242 9.33061 233.501 1.05191 231.862 0H228.489C226.85 1.06557 218.109 9.33061 209.068 18.3743L18.3829 209.153C9.34169 218.197 -0.0409723 229.686 0.655557 231.544C1.36574 233.402 9.34169 242.323 18.3829 251.366L57.2929 290.301C61.5677 294.577 65.8971 298.771 69.3934 302.05C65.9381 305.328 61.6497 309.509 57.2793 313.88L18.3692 352.801C9.32803 361.845 1.06528 370.561 0 372.159V375.656C1.06528 377.255 9.32803 385.97 18.3692 395.014L209.082 585.793C218.123 594.837 227.574 603.676 228.503 603.853C229.431 604.031 230.947 604.031 231.876 603.853C232.805 603.676 242.242 594.85 251.297 585.793L290.22 546.872C294.632 542.46 298.852 538.129 302.157 534.659C305.326 538.184 309.423 542.514 313.793 546.872L352.717 585.807C361.758 594.85 371.209 603.689 372.138 603.867C373.066 604.044 374.582 604.044 375.511 603.867C376.44 603.689 385.877 594.864 394.918 585.807L585.631 395.041C594.672 385.998 602.948 377.282 604 375.683V372.186C602.935 370.588 594.672 361.872 585.631 352.828V352.815ZM99.5081 313.88C95.1377 309.509 90.8629 305.342 87.3939 302.05C90.8902 298.771 95.2333 294.563 99.5081 290.287L290.22 99.5083C294.632 95.0957 298.852 90.7651 302.157 87.2952C305.326 90.8198 309.423 95.1367 313.793 99.5083L504.506 290.287C508.767 294.55 513.11 298.757 516.62 302.05C513.164 305.328 508.876 309.509 504.506 313.88L313.793 504.659C309.764 508.689 305.667 513.211 302.417 517.145C299.084 513.634 294.755 509.195 290.22 504.659L99.5081 313.88Z\" \/>\n<\/svg><\/div> \n        <\/div>\n    <\/div>\n<\/div>\n","protected":false},"excerpt":{"rendered":"","protected":false},"author":1,"featured_media":7915,"parent":0,"menu_order":0,"comment_status":"closed","ping_status":"closed","template":"","meta":{"_acf_changed":false,"footnotes":""},"class_list":["post-1728","page","type-page","status-publish","has-post-thumbnail","hentry"],"acf":[],"yoast_head":"<!-- This site is optimized with the Yoast SEO plugin v26.9 - https:\/\/yoast.com\/product\/yoast-seo-wordpress\/ -->\n<title>Notre technologie mobilit\u00e9 - Grospiron Mobility Solutions Connect<\/title>\n<meta name=\"description\" content=\"Notre solution digitale au service des ressources humaineset des collaborateurs en mobilit\u00e9.\" \/>\n<meta name=\"robots\" content=\"index, follow, max-snippet:-1, max-image-preview:large, max-video-preview:-1\" \/>\n<link rel=\"canonical\" href=\"https:\/\/www.grospiron.com\/fr\/technologies\/\" \/>\n<meta property=\"og:locale\" content=\"fr_FR\" \/>\n<meta property=\"og:type\" content=\"article\" \/>\n<meta property=\"og:title\" content=\"Notre technologie mobilit\u00e9 - Grospiron Mobility Solutions Connect\" \/>\n<meta property=\"og:description\" content=\"Notre solution digitale au service des ressources humaineset des collaborateurs en mobilit\u00e9.\" \/>\n<meta property=\"og:url\" content=\"https:\/\/www.grospiron.com\/fr\/technologies\/\" \/>\n<meta property=\"og:site_name\" content=\"Grospiron\" \/>\n<meta property=\"article:modified_time\" content=\"2025-08-06T08:26:48+00:00\" \/>\n<meta property=\"og:image\" content=\"https:\/\/www.grospiron.com\/wp-content\/uploads\/2025\/08\/collaboration-technologie-logistique-grospiron.jpg\" \/>\n\t<meta property=\"og:image:width\" content=\"300\" \/>\n\t<meta property=\"og:image:height\" content=\"400\" \/>\n\t<meta property=\"og:image:type\" content=\"image\/jpeg\" \/>\n<meta name=\"twitter:card\" content=\"summary_large_image\" \/>\n<meta name=\"twitter:label1\" content=\"Dur\u00e9e de lecture estim\u00e9e\" \/>\n\t<meta name=\"twitter:data1\" content=\"1 minute\" \/>\n<script type=\"application\/ld+json\" class=\"yoast-schema-graph\">{\"@context\":\"https:\/\/schema.org\",\"@graph\":[{\"@type\":\"WebPage\",\"@id\":\"https:\/\/www.grospiron.com\/fr\/technologies\/\",\"url\":\"https:\/\/www.grospiron.com\/fr\/technologies\/\",\"name\":\"Notre technologie mobilit\u00e9 - Grospiron Mobility Solutions Connect\",\"isPartOf\":{\"@id\":\"https:\/\/www.grospiron.com\/fr\/#website\"},\"primaryImageOfPage\":{\"@id\":\"https:\/\/www.grospiron.com\/fr\/technologies\/#primaryimage\"},\"image\":{\"@id\":\"https:\/\/www.grospiron.com\/fr\/technologies\/#primaryimage\"},\"thumbnailUrl\":\"https:\/\/www.grospiron.com\/wp-content\/uploads\/2025\/08\/collaboration-technologie-logistique-grospiron.jpg\",\"datePublished\":\"2024-01-26T13:52:23+00:00\",\"dateModified\":\"2025-08-06T08:26:48+00:00\",\"description\":\"Notre solution digitale au service des ressources humaineset des collaborateurs en mobilit\u00e9.\",\"breadcrumb\":{\"@id\":\"https:\/\/www.grospiron.com\/fr\/technologies\/#breadcrumb\"},\"inLanguage\":\"fr-FR\",\"potentialAction\":[{\"@type\":\"ReadAction\",\"target\":[\"https:\/\/www.grospiron.com\/fr\/technologies\/\"]}]},{\"@type\":\"ImageObject\",\"inLanguage\":\"fr-FR\",\"@id\":\"https:\/\/www.grospiron.com\/fr\/technologies\/#primaryimage\",\"url\":\"https:\/\/www.grospiron.com\/wp-content\/uploads\/2025\/08\/collaboration-technologie-logistique-grospiron.jpg\",\"contentUrl\":\"https:\/\/www.grospiron.com\/wp-content\/uploads\/2025\/08\/collaboration-technologie-logistique-grospiron.jpg\",\"width\":300,\"height\":400,\"caption\":\"Technologie au service de la logistique Grospiron.\"},{\"@type\":\"BreadcrumbList\",\"@id\":\"https:\/\/www.grospiron.com\/fr\/technologies\/#breadcrumb\",\"itemListElement\":[{\"@type\":\"ListItem\",\"position\":1,\"name\":\"Home\",\"item\":\"https:\/\/www.grospiron.com\/fr\/\"},{\"@type\":\"ListItem\",\"position\":2,\"name\":\"Technologies \u00a0\"}]},{\"@type\":\"WebSite\",\"@id\":\"https:\/\/www.grospiron.com\/fr\/#website\",\"url\":\"https:\/\/www.grospiron.com\/fr\/\",\"name\":\"Grospiron\",\"description\":\"\",\"publisher\":{\"@id\":\"https:\/\/www.grospiron.com\/fr\/#organization\"},\"potentialAction\":[{\"@type\":\"SearchAction\",\"target\":{\"@type\":\"EntryPoint\",\"urlTemplate\":\"https:\/\/www.grospiron.com\/fr\/?s={search_term_string}\"},\"query-input\":{\"@type\":\"PropertyValueSpecification\",\"valueRequired\":true,\"valueName\":\"search_term_string\"}}],\"inLanguage\":\"fr-FR\"},{\"@type\":\"Organization\",\"@id\":\"https:\/\/www.grospiron.com\/fr\/#organization\",\"name\":\"Grospiron\",\"url\":\"https:\/\/www.grospiron.com\/fr\/\",\"logo\":{\"@type\":\"ImageObject\",\"inLanguage\":\"fr-FR\",\"@id\":\"https:\/\/www.grospiron.com\/fr\/#\/schema\/logo\/image\/\",\"url\":\"https:\/\/www.grospiron.com\/wp-content\/uploads\/2024\/10\/logo-grospiron-black.png\",\"contentUrl\":\"https:\/\/www.grospiron.com\/wp-content\/uploads\/2024\/10\/logo-grospiron-black.png\",\"width\":2229,\"height\":517,\"caption\":\"Grospiron\"},\"image\":{\"@id\":\"https:\/\/www.grospiron.com\/fr\/#\/schema\/logo\/image\/\"}}]}<\/script>\n<!-- \/ Yoast SEO plugin. -->","yoast_head_json":{"title":"Notre technologie mobilit\u00e9 - Grospiron Mobility Solutions Connect","description":"Notre solution digitale au service des ressources humaineset des collaborateurs en mobilit\u00e9.","robots":{"index":"index","follow":"follow","max-snippet":"max-snippet:-1","max-image-preview":"max-image-preview:large","max-video-preview":"max-video-preview:-1"},"canonical":"https:\/\/www.grospiron.com\/fr\/technologies\/","og_locale":"fr_FR","og_type":"article","og_title":"Notre technologie mobilit\u00e9 - Grospiron Mobility Solutions Connect","og_description":"Notre solution digitale au service des ressources humaineset des collaborateurs en mobilit\u00e9.","og_url":"https:\/\/www.grospiron.com\/fr\/technologies\/","og_site_name":"Grospiron","article_modified_time":"2025-08-06T08:26:48+00:00","og_image":[{"width":300,"height":400,"url":"https:\/\/www.grospiron.com\/wp-content\/uploads\/2025\/08\/collaboration-technologie-logistique-grospiron.jpg","type":"image\/jpeg"}],"twitter_card":"summary_large_image","twitter_misc":{"Dur\u00e9e de lecture estim\u00e9e":"1 minute"},"schema":{"@context":"https:\/\/schema.org","@graph":[{"@type":"WebPage","@id":"https:\/\/www.grospiron.com\/fr\/technologies\/","url":"https:\/\/www.grospiron.com\/fr\/technologies\/","name":"Notre technologie mobilit\u00e9 - Grospiron Mobility Solutions Connect","isPartOf":{"@id":"https:\/\/www.grospiron.com\/fr\/#website"},"primaryImageOfPage":{"@id":"https:\/\/www.grospiron.com\/fr\/technologies\/#primaryimage"},"image":{"@id":"https:\/\/www.grospiron.com\/fr\/technologies\/#primaryimage"},"thumbnailUrl":"https:\/\/www.grospiron.com\/wp-content\/uploads\/2025\/08\/collaboration-technologie-logistique-grospiron.jpg","datePublished":"2024-01-26T13:52:23+00:00","dateModified":"2025-08-06T08:26:48+00:00","description":"Notre solution digitale au service des ressources humaineset des collaborateurs en mobilit\u00e9.","breadcrumb":{"@id":"https:\/\/www.grospiron.com\/fr\/technologies\/#breadcrumb"},"inLanguage":"fr-FR","potentialAction":[{"@type":"ReadAction","target":["https:\/\/www.grospiron.com\/fr\/technologies\/"]}]},{"@type":"ImageObject","inLanguage":"fr-FR","@id":"https:\/\/www.grospiron.com\/fr\/technologies\/#primaryimage","url":"https:\/\/www.grospiron.com\/wp-content\/uploads\/2025\/08\/collaboration-technologie-logistique-grospiron.jpg","contentUrl":"https:\/\/www.grospiron.com\/wp-content\/uploads\/2025\/08\/collaboration-technologie-logistique-grospiron.jpg","width":300,"height":400,"caption":"Technologie au service de la logistique Grospiron."},{"@type":"BreadcrumbList","@id":"https:\/\/www.grospiron.com\/fr\/technologies\/#breadcrumb","itemListElement":[{"@type":"ListItem","position":1,"name":"Home","item":"https:\/\/www.grospiron.com\/fr\/"},{"@type":"ListItem","position":2,"name":"Technologies \u00a0"}]},{"@type":"WebSite","@id":"https:\/\/www.grospiron.com\/fr\/#website","url":"https:\/\/www.grospiron.com\/fr\/","name":"Grospiron","description":"","publisher":{"@id":"https:\/\/www.grospiron.com\/fr\/#organization"},"potentialAction":[{"@type":"SearchAction","target":{"@type":"EntryPoint","urlTemplate":"https:\/\/www.grospiron.com\/fr\/?s={search_term_string}"},"query-input":{"@type":"PropertyValueSpecification","valueRequired":true,"valueName":"search_term_string"}}],"inLanguage":"fr-FR"},{"@type":"Organization","@id":"https:\/\/www.grospiron.com\/fr\/#organization","name":"Grospiron","url":"https:\/\/www.grospiron.com\/fr\/","logo":{"@type":"ImageObject","inLanguage":"fr-FR","@id":"https:\/\/www.grospiron.com\/fr\/#\/schema\/logo\/image\/","url":"https:\/\/www.grospiron.com\/wp-content\/uploads\/2024\/10\/logo-grospiron-black.png","contentUrl":"https:\/\/www.grospiron.com\/wp-content\/uploads\/2024\/10\/logo-grospiron-black.png","width":2229,"height":517,"caption":"Grospiron"},"image":{"@id":"https:\/\/www.grospiron.com\/fr\/#\/schema\/logo\/image\/"}}]}},"_links":{"self":[{"href":"https:\/\/www.grospiron.com\/fr\/wp-json\/wp\/v2\/pages\/1728","targetHints":{"allow":["GET"]}}],"collection":[{"href":"https:\/\/www.grospiron.com\/fr\/wp-json\/wp\/v2\/pages"}],"about":[{"href":"https:\/\/www.grospiron.com\/fr\/wp-json\/wp\/v2\/types\/page"}],"author":[{"embeddable":true,"href":"https:\/\/www.grospiron.com\/fr\/wp-json\/wp\/v2\/users\/1"}],"replies":[{"embeddable":true,"href":"https:\/\/www.grospiron.com\/fr\/wp-json\/wp\/v2\/comments?post=1728"}],"version-history":[{"count":45,"href":"https:\/\/www.grospiron.com\/fr\/wp-json\/wp\/v2\/pages\/1728\/revisions"}],"predecessor-version":[{"id":4943,"href":"https:\/\/www.grospiron.com\/fr\/wp-json\/wp\/v2\/pages\/1728\/revisions\/4943"}],"wp:featuredmedia":[{"embeddable":true,"href":"https:\/\/www.grospiron.com\/fr\/wp-json\/wp\/v2\/media\/7915"}],"wp:attachment":[{"href":"https:\/\/www.grospiron.com\/fr\/wp-json\/wp\/v2\/media?parent=1728"}],"curies":[{"name":"wp","href":"https:\/\/api.w.org\/{rel}","templated":true}]}}