{"id":2055,"date":"2024-02-06T14:51:10","date_gmt":"2024-02-06T13:51:10","guid":{"rendered":"https:\/\/grospiron.docker-dev.limpide.fr\/?page_id=2055"},"modified":"2024-11-22T10:39:23","modified_gmt":"2024-11-22T09:39:23","slug":"remerciement-telecharger-le-guide-pays","status":"publish","type":"page","link":"https:\/\/www.grospiron.com\/fr\/remerciement-telecharger-le-guide-pays\/","title":{"rendered":"Remerciement &#8211; T\u00e9l\u00e9charger le guide pays"},"content":{"rendered":"<div class=\"header-remerciement block block-spacing light has-secondary-bg-color\" >\n    <div class=\"container\">\n                    \n<ul class=\"breadcrumb anim-element translate-y\">\n    <li class=\"breadcrumb-item\"><a href=\"https:\/\/www.grospiron.com\/fr\/\" title=\"Accueil\">Accueil<\/a><\/li>\n                                                            <li class=\"breadcrumb-item\"><a href=\"https:\/\/www.grospiron.com\/fr\/telecharger-le-guide-pays\/\" title=\"T\u00e9l\u00e9charger le guide pays\">T\u00e9l\u00e9charger le guide pays<\/a><\/li>\n                                            <li class=\"breadcrumb-item current\">Remerciement<\/li>\n<\/ul>                <div class=\"inner-content-container\">\n            <div class=\"wrapper-formulaire\">\n                <div class=\"formulaire-inner formulaire anim-element translate-y\">\n                                            <h1 class=\"h1 title anim-element translate-y\">Merci<\/h1>\n                                                                <div class=\"text anim-element translate-y\">Votre demande a bien \u00e9t\u00e9 prise en compte, notre \u00e9quipe reviendra vers vous dans les plus brefs d\u00e9lais.<\/div>\n                                                                \n<div class=\"wrapper-buttons horizontal anim-element translate-y\">\n                        <a\n            href=\"https:\/\/www.grospiron.com\/fr\/\"\n            title=\"Retour \u00e0 l\u2019accueil\"\n            target=\"\"\n            class=\"btn btn-filled btn-black btn-primary-hover\"\n        >\n            <span class=\"btn-text\">Retour \u00e0 l\u2019accueil<\/span>\n        <\/a>\n        <\/div>\n\n                                    <\/div>\n            <\/div>\n            <div class=\"pattern first only-desktop\"><svg xmlns=\"http:\/\/www.w3.org\/2000\/svg\" width=\"604\" height=\"604\" viewBox=\"0 0 604 604\" fill=\"none\">\n  <path d=\"M585.631 352.815L546.707 313.88C542.337 309.509 538.062 305.342 534.593 302.05C538.103 298.757 542.432 294.55 546.707 290.287L585.617 251.353C594.658 242.309 602.921 233.593 603.986 231.995V228.498C602.921 226.899 594.658 218.183 585.617 209.14L394.905 18.3743C385.864 9.33061 377.123 1.05191 375.484 0H372.11C370.472 1.06557 361.744 9.33061 352.69 18.3743L313.78 57.2951C309.751 61.3252 305.653 65.8471 302.403 69.7815C299.07 66.2706 294.741 61.8307 290.207 57.2951L251.283 18.3743C242.242 9.33061 233.501 1.05191 231.862 0H228.489C226.85 1.06557 218.109 9.33061 209.068 18.3743L18.3829 209.153C9.34169 218.197 -0.0409723 229.686 0.655557 231.544C1.36574 233.402 9.34169 242.323 18.3829 251.366L57.2929 290.301C61.5677 294.577 65.8971 298.771 69.3934 302.05C65.9381 305.328 61.6497 309.509 57.2793 313.88L18.3692 352.801C9.32803 361.845 1.06528 370.561 0 372.159V375.656C1.06528 377.255 9.32803 385.97 18.3692 395.014L209.082 585.793C218.123 594.837 227.574 603.676 228.503 603.853C229.431 604.031 230.947 604.031 231.876 603.853C232.805 603.676 242.242 594.85 251.297 585.793L290.22 546.872C294.632 542.46 298.852 538.129 302.157 534.659C305.326 538.184 309.423 542.514 313.793 546.872L352.717 585.807C361.758 594.85 371.209 603.689 372.138 603.867C373.066 604.044 374.582 604.044 375.511 603.867C376.44 603.689 385.877 594.864 394.918 585.807L585.631 395.041C594.672 385.998 602.948 377.282 604 375.683V372.186C602.935 370.588 594.672 361.872 585.631 352.828V352.815ZM99.5081 313.88C95.1377 309.509 90.8629 305.342 87.3939 302.05C90.8902 298.771 95.2333 294.563 99.5081 290.287L290.22 99.5083C294.632 95.0957 298.852 90.7651 302.157 87.2952C305.326 90.8198 309.423 95.1367 313.793 99.5083L504.506 290.287C508.767 294.55 513.11 298.757 516.62 302.05C513.164 305.328 508.876 309.509 504.506 313.88L313.793 504.659C309.764 508.689 305.667 513.211 302.417 517.145C299.084 513.634 294.755 509.195 290.22 504.659L99.5081 313.88Z\" \/>\n<\/svg><\/div> \n            <div class=\"pattern last only-desktop\"><svg xmlns=\"http:\/\/www.w3.org\/2000\/svg\" width=\"604\" height=\"604\" viewBox=\"0 0 604 604\" fill=\"none\">\n  <path d=\"M585.631 352.815L546.707 313.88C542.337 309.509 538.062 305.342 534.593 302.05C538.103 298.757 542.432 294.55 546.707 290.287L585.617 251.353C594.658 242.309 602.921 233.593 603.986 231.995V228.498C602.921 226.899 594.658 218.183 585.617 209.14L394.905 18.3743C385.864 9.33061 377.123 1.05191 375.484 0H372.11C370.472 1.06557 361.744 9.33061 352.69 18.3743L313.78 57.2951C309.751 61.3252 305.653 65.8471 302.403 69.7815C299.07 66.2706 294.741 61.8307 290.207 57.2951L251.283 18.3743C242.242 9.33061 233.501 1.05191 231.862 0H228.489C226.85 1.06557 218.109 9.33061 209.068 18.3743L18.3829 209.153C9.34169 218.197 -0.0409723 229.686 0.655557 231.544C1.36574 233.402 9.34169 242.323 18.3829 251.366L57.2929 290.301C61.5677 294.577 65.8971 298.771 69.3934 302.05C65.9381 305.328 61.6497 309.509 57.2793 313.88L18.3692 352.801C9.32803 361.845 1.06528 370.561 0 372.159V375.656C1.06528 377.255 9.32803 385.97 18.3692 395.014L209.082 585.793C218.123 594.837 227.574 603.676 228.503 603.853C229.431 604.031 230.947 604.031 231.876 603.853C232.805 603.676 242.242 594.85 251.297 585.793L290.22 546.872C294.632 542.46 298.852 538.129 302.157 534.659C305.326 538.184 309.423 542.514 313.793 546.872L352.717 585.807C361.758 594.85 371.209 603.689 372.138 603.867C373.066 604.044 374.582 604.044 375.511 603.867C376.44 603.689 385.877 594.864 394.918 585.807L585.631 395.041C594.672 385.998 602.948 377.282 604 375.683V372.186C602.935 370.588 594.672 361.872 585.631 352.828V352.815ZM99.5081 313.88C95.1377 309.509 90.8629 305.342 87.3939 302.05C90.8902 298.771 95.2333 294.563 99.5081 290.287L290.22 99.5083C294.632 95.0957 298.852 90.7651 302.157 87.2952C305.326 90.8198 309.423 95.1367 313.793 99.5083L504.506 290.287C508.767 294.55 513.11 298.757 516.62 302.05C513.164 305.328 508.876 309.509 504.506 313.88L313.793 504.659C309.764 508.689 305.667 513.211 302.417 517.145C299.084 513.634 294.755 509.195 290.22 504.659L99.5081 313.88Z\" \/>\n<\/svg><\/div> \n        <\/div>\n    <\/div>\n<\/div>","protected":false},"excerpt":{"rendered":"","protected":false},"author":2,"featured_media":0,"parent":0,"menu_order":0,"comment_status":"closed","ping_status":"closed","template":"","meta":{"_acf_changed":false,"footnotes":""},"class_list":["post-2055","page","type-page","status-publish","hentry"],"acf":[],"yoast_head":"<!-- This site is optimized with the Yoast SEO plugin v26.9 - https:\/\/yoast.com\/product\/yoast-seo-wordpress\/ -->\n<title>Remerciement - T\u00e9l\u00e9charger le guide pays - Grospiron<\/title>\n<meta name=\"robots\" content=\"noindex, nofollow\" \/>\n<meta property=\"og:locale\" content=\"fr_FR\" \/>\n<meta property=\"og:type\" content=\"article\" \/>\n<meta property=\"og:title\" content=\"Remerciement - T\u00e9l\u00e9charger le guide pays - Grospiron\" \/>\n<meta property=\"og:url\" content=\"https:\/\/www.grospiron.com\/fr\/remerciement-telecharger-le-guide-pays\/\" \/>\n<meta property=\"og:site_name\" content=\"Grospiron\" \/>\n<meta property=\"article:modified_time\" content=\"2024-11-22T09:39:23+00:00\" \/>\n<meta name=\"twitter:card\" content=\"summary_large_image\" \/>\n<script type=\"application\/ld+json\" class=\"yoast-schema-graph\">{\"@context\":\"https:\/\/schema.org\",\"@graph\":[{\"@type\":\"WebPage\",\"@id\":\"https:\/\/www.grospiron.com\/fr\/remerciement-telecharger-le-guide-pays\/\",\"url\":\"https:\/\/www.grospiron.com\/fr\/remerciement-telecharger-le-guide-pays\/\",\"name\":\"Remerciement - T\u00e9l\u00e9charger le guide pays - Grospiron\",\"isPartOf\":{\"@id\":\"https:\/\/www.grospiron.com\/fr\/#website\"},\"datePublished\":\"2024-02-06T13:51:10+00:00\",\"dateModified\":\"2024-11-22T09:39:23+00:00\",\"breadcrumb\":{\"@id\":\"https:\/\/www.grospiron.com\/fr\/remerciement-telecharger-le-guide-pays\/#breadcrumb\"},\"inLanguage\":\"fr-FR\",\"potentialAction\":[{\"@type\":\"ReadAction\",\"target\":[\"https:\/\/www.grospiron.com\/fr\/remerciement-telecharger-le-guide-pays\/\"]}]},{\"@type\":\"BreadcrumbList\",\"@id\":\"https:\/\/www.grospiron.com\/fr\/remerciement-telecharger-le-guide-pays\/#breadcrumb\",\"itemListElement\":[{\"@type\":\"ListItem\",\"position\":1,\"name\":\"Home\",\"item\":\"https:\/\/www.grospiron.com\/fr\/\"},{\"@type\":\"ListItem\",\"position\":2,\"name\":\"Remerciement &#8211; T\u00e9l\u00e9charger le guide pays\"}]},{\"@type\":\"WebSite\",\"@id\":\"https:\/\/www.grospiron.com\/fr\/#website\",\"url\":\"https:\/\/www.grospiron.com\/fr\/\",\"name\":\"Grospiron\",\"description\":\"\",\"publisher\":{\"@id\":\"https:\/\/www.grospiron.com\/fr\/#organization\"},\"potentialAction\":[{\"@type\":\"SearchAction\",\"target\":{\"@type\":\"EntryPoint\",\"urlTemplate\":\"https:\/\/www.grospiron.com\/fr\/?s={search_term_string}\"},\"query-input\":{\"@type\":\"PropertyValueSpecification\",\"valueRequired\":true,\"valueName\":\"search_term_string\"}}],\"inLanguage\":\"fr-FR\"},{\"@type\":\"Organization\",\"@id\":\"https:\/\/www.grospiron.com\/fr\/#organization\",\"name\":\"Grospiron\",\"url\":\"https:\/\/www.grospiron.com\/fr\/\",\"logo\":{\"@type\":\"ImageObject\",\"inLanguage\":\"fr-FR\",\"@id\":\"https:\/\/www.grospiron.com\/fr\/#\/schema\/logo\/image\/\",\"url\":\"https:\/\/www.grospiron.com\/wp-content\/uploads\/2024\/10\/logo-grospiron-black.png\",\"contentUrl\":\"https:\/\/www.grospiron.com\/wp-content\/uploads\/2024\/10\/logo-grospiron-black.png\",\"width\":2229,\"height\":517,\"caption\":\"Grospiron\"},\"image\":{\"@id\":\"https:\/\/www.grospiron.com\/fr\/#\/schema\/logo\/image\/\"}}]}<\/script>\n<!-- \/ Yoast SEO plugin. -->","yoast_head_json":{"title":"Remerciement - T\u00e9l\u00e9charger le guide pays - Grospiron","robots":{"index":"noindex","follow":"nofollow"},"og_locale":"fr_FR","og_type":"article","og_title":"Remerciement - T\u00e9l\u00e9charger le guide pays - Grospiron","og_url":"https:\/\/www.grospiron.com\/fr\/remerciement-telecharger-le-guide-pays\/","og_site_name":"Grospiron","article_modified_time":"2024-11-22T09:39:23+00:00","twitter_card":"summary_large_image","schema":{"@context":"https:\/\/schema.org","@graph":[{"@type":"WebPage","@id":"https:\/\/www.grospiron.com\/fr\/remerciement-telecharger-le-guide-pays\/","url":"https:\/\/www.grospiron.com\/fr\/remerciement-telecharger-le-guide-pays\/","name":"Remerciement - T\u00e9l\u00e9charger le guide pays - Grospiron","isPartOf":{"@id":"https:\/\/www.grospiron.com\/fr\/#website"},"datePublished":"2024-02-06T13:51:10+00:00","dateModified":"2024-11-22T09:39:23+00:00","breadcrumb":{"@id":"https:\/\/www.grospiron.com\/fr\/remerciement-telecharger-le-guide-pays\/#breadcrumb"},"inLanguage":"fr-FR","potentialAction":[{"@type":"ReadAction","target":["https:\/\/www.grospiron.com\/fr\/remerciement-telecharger-le-guide-pays\/"]}]},{"@type":"BreadcrumbList","@id":"https:\/\/www.grospiron.com\/fr\/remerciement-telecharger-le-guide-pays\/#breadcrumb","itemListElement":[{"@type":"ListItem","position":1,"name":"Home","item":"https:\/\/www.grospiron.com\/fr\/"},{"@type":"ListItem","position":2,"name":"Remerciement &#8211; T\u00e9l\u00e9charger le guide pays"}]},{"@type":"WebSite","@id":"https:\/\/www.grospiron.com\/fr\/#website","url":"https:\/\/www.grospiron.com\/fr\/","name":"Grospiron","description":"","publisher":{"@id":"https:\/\/www.grospiron.com\/fr\/#organization"},"potentialAction":[{"@type":"SearchAction","target":{"@type":"EntryPoint","urlTemplate":"https:\/\/www.grospiron.com\/fr\/?s={search_term_string}"},"query-input":{"@type":"PropertyValueSpecification","valueRequired":true,"valueName":"search_term_string"}}],"inLanguage":"fr-FR"},{"@type":"Organization","@id":"https:\/\/www.grospiron.com\/fr\/#organization","name":"Grospiron","url":"https:\/\/www.grospiron.com\/fr\/","logo":{"@type":"ImageObject","inLanguage":"fr-FR","@id":"https:\/\/www.grospiron.com\/fr\/#\/schema\/logo\/image\/","url":"https:\/\/www.grospiron.com\/wp-content\/uploads\/2024\/10\/logo-grospiron-black.png","contentUrl":"https:\/\/www.grospiron.com\/wp-content\/uploads\/2024\/10\/logo-grospiron-black.png","width":2229,"height":517,"caption":"Grospiron"},"image":{"@id":"https:\/\/www.grospiron.com\/fr\/#\/schema\/logo\/image\/"}}]}},"_links":{"self":[{"href":"https:\/\/www.grospiron.com\/fr\/wp-json\/wp\/v2\/pages\/2055","targetHints":{"allow":["GET"]}}],"collection":[{"href":"https:\/\/www.grospiron.com\/fr\/wp-json\/wp\/v2\/pages"}],"about":[{"href":"https:\/\/www.grospiron.com\/fr\/wp-json\/wp\/v2\/types\/page"}],"author":[{"embeddable":true,"href":"https:\/\/www.grospiron.com\/fr\/wp-json\/wp\/v2\/users\/2"}],"replies":[{"embeddable":true,"href":"https:\/\/www.grospiron.com\/fr\/wp-json\/wp\/v2\/comments?post=2055"}],"version-history":[{"count":6,"href":"https:\/\/www.grospiron.com\/fr\/wp-json\/wp\/v2\/pages\/2055\/revisions"}],"predecessor-version":[{"id":2466,"href":"https:\/\/www.grospiron.com\/fr\/wp-json\/wp\/v2\/pages\/2055\/revisions\/2466"}],"wp:attachment":[{"href":"https:\/\/www.grospiron.com\/fr\/wp-json\/wp\/v2\/media?parent=2055"}],"curies":[{"name":"wp","href":"https:\/\/api.w.org\/{rel}","templated":true}]}}