{"id":6641,"date":"2025-04-01T15:00:02","date_gmt":"2025-04-01T13:00:02","guid":{"rendered":"https:\/\/www.grospiron.com\/?page_id=6641"},"modified":"2025-04-01T15:07:02","modified_gmt":"2025-04-01T13:07:02","slug":"conditions-generales","status":"publish","type":"page","link":"https:\/\/www.grospiron.com\/fr\/conditions-generales\/","title":{"rendered":"Conditions G\u00e9n\u00e9rales"},"content":{"rendered":"\n<div class=\"block block-spacing block-texte-simple has-secondary-bg-color\" >\n    <div class=\"container\">\n        <div class=\"inner-content-container\">\n                            \n<ul class=\"breadcrumb anim-element translate-y\">\n    <li class=\"breadcrumb-item\"><a href=\"https:\/\/www.grospiron.com\/fr\/\" title=\"Accueil\">Accueil<\/a><\/li>\n        <li class=\"breadcrumb-item current\">Conditions G\u00e9n\u00e9rales<\/li>\n<\/ul>                                        <h1 class=\"title h1 anim-element translate-y \">Conditions g\u00e9n\u00e9rales de vente du contrat de d\u00e9m\u00e9nagement<\/h1>\n                                        <div class=\"content-wrapper wysiwyg-content custom-list anim-element translate-y \"><p>Les pr\u00e9sentes conditions g\u00e9n\u00e9rales de vente et les conditions particuli\u00e8res n\u00e9goci\u00e9es entre l\u2019entreprise et le client d\u00e9terminent les droits et obligations de chacun d\u2019eux.<\/p>\n<p>Elles s\u2019appliquent de plein droit aux op\u00e9rations de d\u00e9m\u00e9nagement objet du pr\u00e9sent contrat.<\/p>\n<p><a href=\"#https:\/\/www.grospiron.com\/wp-content\/uploads\/2025\/04\/CGV-DEM-12_12_23.pdf\">https:\/\/www.grospiron.com\/wp-content\/uploads\/2025\/04\/CGV-DEM-12_12_23.pdf<\/a><\/p>\n<\/div>\n                    <\/div>\n    <\/div>\n<\/div>\n\n\n<p><\/p>\n","protected":false},"excerpt":{"rendered":"","protected":false},"author":4,"featured_media":0,"parent":0,"menu_order":0,"comment_status":"closed","ping_status":"closed","template":"","meta":{"_acf_changed":false,"footnotes":""},"class_list":["post-6641","page","type-page","status-publish","hentry"],"acf":[],"yoast_head":"<!-- This site is optimized with the Yoast SEO plugin v26.9 - https:\/\/yoast.com\/product\/yoast-seo-wordpress\/ -->\n<title>Conditions G\u00e9n\u00e9rales - Grospiron<\/title>\n<meta name=\"robots\" content=\"noindex, nofollow\" \/>\n<meta property=\"og:locale\" content=\"fr_FR\" \/>\n<meta property=\"og:type\" content=\"article\" \/>\n<meta property=\"og:title\" content=\"Conditions G\u00e9n\u00e9rales - Grospiron\" \/>\n<meta property=\"og:url\" content=\"https:\/\/www.grospiron.com\/fr\/conditions-generales\/\" \/>\n<meta property=\"og:site_name\" content=\"Grospiron\" \/>\n<meta property=\"article:modified_time\" content=\"2025-04-01T13:07:02+00:00\" \/>\n<meta name=\"twitter:card\" content=\"summary_large_image\" \/>\n<script type=\"application\/ld+json\" class=\"yoast-schema-graph\">{\"@context\":\"https:\/\/schema.org\",\"@graph\":[{\"@type\":\"WebPage\",\"@id\":\"https:\/\/www.grospiron.com\/fr\/conditions-generales\/\",\"url\":\"https:\/\/www.grospiron.com\/fr\/conditions-generales\/\",\"name\":\"Conditions G\u00e9n\u00e9rales - Grospiron\",\"isPartOf\":{\"@id\":\"https:\/\/www.grospiron.com\/fr\/#website\"},\"datePublished\":\"2025-04-01T13:00:02+00:00\",\"dateModified\":\"2025-04-01T13:07:02+00:00\",\"breadcrumb\":{\"@id\":\"https:\/\/www.grospiron.com\/fr\/conditions-generales\/#breadcrumb\"},\"inLanguage\":\"fr-FR\",\"potentialAction\":[{\"@type\":\"ReadAction\",\"target\":[\"https:\/\/www.grospiron.com\/fr\/conditions-generales\/\"]}]},{\"@type\":\"BreadcrumbList\",\"@id\":\"https:\/\/www.grospiron.com\/fr\/conditions-generales\/#breadcrumb\",\"itemListElement\":[{\"@type\":\"ListItem\",\"position\":1,\"name\":\"Home\",\"item\":\"https:\/\/www.grospiron.com\/fr\/\"},{\"@type\":\"ListItem\",\"position\":2,\"name\":\"Conditions G\u00e9n\u00e9rales\"}]},{\"@type\":\"WebSite\",\"@id\":\"https:\/\/www.grospiron.com\/fr\/#website\",\"url\":\"https:\/\/www.grospiron.com\/fr\/\",\"name\":\"Grospiron\",\"description\":\"\",\"publisher\":{\"@id\":\"https:\/\/www.grospiron.com\/fr\/#organization\"},\"potentialAction\":[{\"@type\":\"SearchAction\",\"target\":{\"@type\":\"EntryPoint\",\"urlTemplate\":\"https:\/\/www.grospiron.com\/fr\/?s={search_term_string}\"},\"query-input\":{\"@type\":\"PropertyValueSpecification\",\"valueRequired\":true,\"valueName\":\"search_term_string\"}}],\"inLanguage\":\"fr-FR\"},{\"@type\":\"Organization\",\"@id\":\"https:\/\/www.grospiron.com\/fr\/#organization\",\"name\":\"Grospiron\",\"url\":\"https:\/\/www.grospiron.com\/fr\/\",\"logo\":{\"@type\":\"ImageObject\",\"inLanguage\":\"fr-FR\",\"@id\":\"https:\/\/www.grospiron.com\/fr\/#\/schema\/logo\/image\/\",\"url\":\"https:\/\/www.grospiron.com\/wp-content\/uploads\/2024\/10\/logo-grospiron-black.png\",\"contentUrl\":\"https:\/\/www.grospiron.com\/wp-content\/uploads\/2024\/10\/logo-grospiron-black.png\",\"width\":2229,\"height\":517,\"caption\":\"Grospiron\"},\"image\":{\"@id\":\"https:\/\/www.grospiron.com\/fr\/#\/schema\/logo\/image\/\"}}]}<\/script>\n<!-- \/ Yoast SEO plugin. -->","yoast_head_json":{"title":"Conditions G\u00e9n\u00e9rales - Grospiron","robots":{"index":"noindex","follow":"nofollow"},"og_locale":"fr_FR","og_type":"article","og_title":"Conditions G\u00e9n\u00e9rales - Grospiron","og_url":"https:\/\/www.grospiron.com\/fr\/conditions-generales\/","og_site_name":"Grospiron","article_modified_time":"2025-04-01T13:07:02+00:00","twitter_card":"summary_large_image","schema":{"@context":"https:\/\/schema.org","@graph":[{"@type":"WebPage","@id":"https:\/\/www.grospiron.com\/fr\/conditions-generales\/","url":"https:\/\/www.grospiron.com\/fr\/conditions-generales\/","name":"Conditions G\u00e9n\u00e9rales - Grospiron","isPartOf":{"@id":"https:\/\/www.grospiron.com\/fr\/#website"},"datePublished":"2025-04-01T13:00:02+00:00","dateModified":"2025-04-01T13:07:02+00:00","breadcrumb":{"@id":"https:\/\/www.grospiron.com\/fr\/conditions-generales\/#breadcrumb"},"inLanguage":"fr-FR","potentialAction":[{"@type":"ReadAction","target":["https:\/\/www.grospiron.com\/fr\/conditions-generales\/"]}]},{"@type":"BreadcrumbList","@id":"https:\/\/www.grospiron.com\/fr\/conditions-generales\/#breadcrumb","itemListElement":[{"@type":"ListItem","position":1,"name":"Home","item":"https:\/\/www.grospiron.com\/fr\/"},{"@type":"ListItem","position":2,"name":"Conditions G\u00e9n\u00e9rales"}]},{"@type":"WebSite","@id":"https:\/\/www.grospiron.com\/fr\/#website","url":"https:\/\/www.grospiron.com\/fr\/","name":"Grospiron","description":"","publisher":{"@id":"https:\/\/www.grospiron.com\/fr\/#organization"},"potentialAction":[{"@type":"SearchAction","target":{"@type":"EntryPoint","urlTemplate":"https:\/\/www.grospiron.com\/fr\/?s={search_term_string}"},"query-input":{"@type":"PropertyValueSpecification","valueRequired":true,"valueName":"search_term_string"}}],"inLanguage":"fr-FR"},{"@type":"Organization","@id":"https:\/\/www.grospiron.com\/fr\/#organization","name":"Grospiron","url":"https:\/\/www.grospiron.com\/fr\/","logo":{"@type":"ImageObject","inLanguage":"fr-FR","@id":"https:\/\/www.grospiron.com\/fr\/#\/schema\/logo\/image\/","url":"https:\/\/www.grospiron.com\/wp-content\/uploads\/2024\/10\/logo-grospiron-black.png","contentUrl":"https:\/\/www.grospiron.com\/wp-content\/uploads\/2024\/10\/logo-grospiron-black.png","width":2229,"height":517,"caption":"Grospiron"},"image":{"@id":"https:\/\/www.grospiron.com\/fr\/#\/schema\/logo\/image\/"}}]}},"_links":{"self":[{"href":"https:\/\/www.grospiron.com\/fr\/wp-json\/wp\/v2\/pages\/6641","targetHints":{"allow":["GET"]}}],"collection":[{"href":"https:\/\/www.grospiron.com\/fr\/wp-json\/wp\/v2\/pages"}],"about":[{"href":"https:\/\/www.grospiron.com\/fr\/wp-json\/wp\/v2\/types\/page"}],"author":[{"embeddable":true,"href":"https:\/\/www.grospiron.com\/fr\/wp-json\/wp\/v2\/users\/4"}],"replies":[{"embeddable":true,"href":"https:\/\/www.grospiron.com\/fr\/wp-json\/wp\/v2\/comments?post=6641"}],"version-history":[{"count":4,"href":"https:\/\/www.grospiron.com\/fr\/wp-json\/wp\/v2\/pages\/6641\/revisions"}],"predecessor-version":[{"id":7193,"href":"https:\/\/www.grospiron.com\/fr\/wp-json\/wp\/v2\/pages\/6641\/revisions\/7193"}],"wp:attachment":[{"href":"https:\/\/www.grospiron.com\/fr\/wp-json\/wp\/v2\/media?parent=6641"}],"curies":[{"name":"wp","href":"https:\/\/api.w.org\/{rel}","templated":true}]}}